{"id":16726,"date":"2025-04-22T01:31:37","date_gmt":"2025-04-22T05:31:37","guid":{"rendered":"https:\/\/us.cyberglobalnet.com\/?page_id=16726"},"modified":"2026-02-19T14:12:56","modified_gmt":"2026-02-19T19:12:56","slug":"soporte","status":"publish","type":"page","link":"https:\/\/us.cyberglobalnet.com\/es\/soporte\/","title":{"rendered":"Soporte"},"content":{"rendered":"\t\t<div data-elementor-type=\"wp-page\" data-elementor-id=\"16726\" class=\"elementor elementor-16726\" data-elementor-post-type=\"page\">\n\t\t\t\t<div class=\"elementor-element elementor-element-ae57cb7 e-flex e-con-boxed e-con e-parent\" data-id=\"ae57cb7\" data-element_type=\"container\" data-e-type=\"container\" data-settings=\"{&quot;background_background&quot;:&quot;classic&quot;}\">\n\t\t\t\t\t<div class=\"e-con-inner\">\n\t\t\t\t<div class=\"elementor-element elementor-element-38329b8 elementor-widget elementor-widget-heading\" data-id=\"38329b8\" data-element_type=\"widget\" data-e-type=\"widget\" data-widget_type=\"heading.default\">\n\t\t\t\t<div class=\"elementor-widget-container\">\n\t\t\t\t\t<h2 class=\"elementor-heading-title elementor-size-default\">Soporte<\/h2>\t\t\t\t<\/div>\n\t\t\t\t<\/div>\n\t\t\t\t<div class=\"elementor-element elementor-element-35319d4 elementor-icon-list--layout-inline elementor-list-item-link-full_width elementor-widget elementor-widget-icon-list\" data-id=\"35319d4\" data-element_type=\"widget\" data-e-type=\"widget\" data-widget_type=\"icon-list.default\">\n\t\t\t\t<div class=\"elementor-widget-container\">\n\t\t\t\t\t\t\t<ul class=\"elementor-icon-list-items elementor-inline-items\">\n\t\t\t\t\t\t\t<li class=\"elementor-icon-list-item elementor-inline-item\">\n\t\t\t\t\t\t\t\t\t\t<span class=\"elementor-icon-list-text\">Home<\/span>\n\t\t\t\t\t\t\t\t\t<\/li>\n\t\t\t\t\t\t\t\t<li class=\"elementor-icon-list-item elementor-inline-item\">\n\t\t\t\t\t\t\t\t\t\t\t<span class=\"elementor-icon-list-icon\">\n\t\t\t\t\t\t\t<i aria-hidden=\"true\" class=\"fas fa-arrow-alt-circle-right\"><\/i>\t\t\t\t\t\t<\/span>\n\t\t\t\t\t\t\t\t\t\t<span class=\"elementor-icon-list-text\">Soporte<\/span>\n\t\t\t\t\t\t\t\t\t<\/li>\n\t\t\t\t\t\t<\/ul>\n\t\t\t\t\t\t<\/div>\n\t\t\t\t<\/div>\n\t\t\t\t\t<\/div>\n\t\t\t\t<\/div>\n\t\t\t\t<section class=\"elementor-section elementor-top-section elementor-element elementor-element-f4c2b6e elementor-section-full_width elementor-section-height-default elementor-section-height-default\" data-id=\"f4c2b6e\" data-element_type=\"section\" data-e-type=\"section\">\n\t\t\t\t\t\t<div class=\"elementor-container elementor-column-gap-no\">\n\t\t\t\t\t<div class=\"elementor-column elementor-col-100 elementor-top-column elementor-element elementor-element-ba9401b\" data-id=\"ba9401b\" data-element_type=\"column\" data-e-type=\"column\">\n\t\t\t<div class=\"elementor-widget-wrap elementor-element-populated\">\n\t\t\t\t\t\t<section class=\"elementor-section elementor-inner-section elementor-element elementor-element-b46c75f elementor-section-boxed elementor-section-height-default elementor-section-height-default\" data-id=\"b46c75f\" data-element_type=\"section\" data-e-type=\"section\">\n\t\t\t\t\t\t<div class=\"elementor-container elementor-column-gap-no\">\n\t\t\t\t\t<div class=\"elementor-column elementor-col-50 elementor-inner-column elementor-element elementor-element-bd5e3d6 animated-slow elementor-invisible\" data-id=\"bd5e3d6\" data-element_type=\"column\" data-e-type=\"column\" data-settings=\"{&quot;animation&quot;:&quot;fadeInLeft&quot;}\">\n\t\t\t<div class=\"elementor-widget-wrap elementor-element-populated\">\n\t\t\t\t\t\t<div class=\"elementor-element elementor-element-8d8fa90 elementor-widget elementor-widget-bizinosectiontitle\" data-id=\"8d8fa90\" data-element_type=\"widget\" data-e-type=\"widget\" data-widget_type=\"bizinosectiontitle.default\">\n\t\t\t\t<div class=\"elementor-widget-container\">\n\t\t\t\t\t            <!--    Title Style 2        -->\r\n            <div class=\"title-area\">\r\n                <div class=\"sec-pills\">\r\n                            <div class=\"pill\"><\/div>\r\n                            <div class=\"pill\"><\/div>\r\n                            <div class=\"pill\"><\/div>\r\n                        <\/div><span class=\"sec-subtitle5\">Centro de Soporte<\/span><h2 class=\"sec-title5\">\u00bfNecesitas ayuda? Estamos disponibles para ti<\/h2><p class=\"about-text1 mb-xl-3 mb-xxl-4 pb-2\">Ind\u00edcanos tu consulta completando el formulario. Nuestro equipo de soporte te asistir\u00e1 lo antes posible.<\/p>            <\/div>\r\n            \t\t\t\t<\/div>\n\t\t\t\t<\/div>\n\t\t\t\t<div class=\"elementor-element elementor-element-09761a5 elementor-widget elementor-widget-shortcode\" data-id=\"09761a5\" data-element_type=\"widget\" data-e-type=\"widget\" data-widget_type=\"shortcode.default\">\n\t\t\t\t<div class=\"elementor-widget-container\">\n\t\t\t\t\t\t\t<div class=\"elementor-shortcode\"><div class='fluentform ff-default fluentform_wrapper_25 ffs_default_wrap'><form data-form_id=\"25\" id=\"fluentform_25\" class=\"frm-fluent-form fluent_form_25 ff-el-form-top ff_form_instance_25_1 ff-form-loading ffs_default\" data-form_instance=\"ff_form_instance_25_1\" method=\"POST\" ><fieldset  style=\"border: none!important;margin: 0!important;padding: 0!important;background-color: transparent!important;box-shadow: none!important;outline: none!important; min-inline-size: 100%;\">\n                    <legend class=\"ff_screen_reader_title\" style=\"display: block; margin: 0!important;padding: 0!important;height: 0!important;text-indent: -999999px;width: 0!important;overflow:hidden;\">[ES] Formulario Soporte<\/legend><input type='hidden' name='__fluent_form_embded_post_id' value='2967' \/><input type=\"hidden\" id=\"_fluentform_25_fluentformnonce\" name=\"_fluentform_25_fluentformnonce\" value=\"e3d38d66da\" \/><input type=\"hidden\" name=\"_wp_http_referer\" value=\"\/es\/wp-json\/wp\/v2\/pages\/16726\" \/><div data-name=\"ff_cn_id_1\"  class='ff-t-container ff-column-container ff_columns_total_2 '><div class='ff-t-cell ff-t-column-1' style='flex-basis: 50%;'><div data-type=\"name-element\" data-name=\"names\" class=\" ff-field_container ff-name-field-wrapper\" ><div class='ff-t-container'><div class='ff-t-cell '><div class='ff-el-group'><div class=\"ff-el-input--label ff-el-is-required asterisk-right\"><label for='ff_25_names_first_name_' id='label_ff_25_names_first_name_' >Nombre<\/label><\/div><div class='ff-el-input--content'><input type=\"text\" name=\"names[first_name]\" id=\"ff_25_names_first_name_\" class=\"ff-el-form-control\" placeholder=\"Tu Nombre\" aria-invalid=\"false\" aria-required=true><\/div><\/div><\/div><\/div><\/div><\/div><div class='ff-t-cell ff-t-column-2' style='flex-basis: 50%;'><div class='ff-el-group'><div class=\"ff-el-input--label ff-el-is-required asterisk-right\"><label for='ff_25_email' id='label_ff_25_email' aria-label=\"Correo Electr\u00f3nico\">Correo Electr\u00f3nico<\/label><\/div><div class='ff-el-input--content'><input type=\"email\" name=\"email\" id=\"ff_25_email\" class=\"ff-el-form-control\" placeholder=\" Tu Correo Electr\u00f3nico *\" data-name=\"email\"  aria-invalid=\"false\" aria-required=true><\/div><\/div><\/div><\/div><div data-name=\"ff_cn_id_2\"  class='ff-t-container ff-column-container ff_columns_total_2 '><div class='ff-t-cell ff-t-column-1' style='flex-basis: 50%;'><div data-type=\"name-element\" data-name=\"names_1\" class=\" ff-field_container ff-name-field-wrapper\" ><div class='ff-t-container'><div class='ff-t-cell '><div class='ff-el-group'><div class=\"ff-el-input--label ff-el-is-required asterisk-right\"><label for='ff_25_names_1_first_name_' id='label_ff_25_names_1_first_name_' >Nombre de dominio<\/label><\/div><div class='ff-el-input--content'><input type=\"text\" name=\"names_1[first_name]\" id=\"ff_25_names_1_first_name_\" class=\"ff-el-form-control\" placeholder=\"Dominio\" aria-invalid=\"false\" aria-required=true><\/div><\/div><\/div><\/div><\/div><\/div><div class='ff-t-cell ff-t-column-2' style='flex-basis: 50%;'><div class='ff-el-group'><div class=\"ff-el-input--label ff-el-is-required asterisk-right\"><label for='ff_25_numeric_field' id='label_ff_25_numeric_field' aria-label=\"N\u00famero de cliente\">N\u00famero de cliente<\/label><\/div><div class='ff-el-input--content'><input type=\"number\" name=\"numeric_field\" id=\"ff_25_numeric_field\" class=\"ff-el-form-control\" placeholder=\"N\u00famero de cliente\" data-name=\"numeric_field\" inputmode=\"numeric\" step=\"any\"  aria-invalid=\"false\" aria-required=true><\/div><\/div><\/div><\/div><div class='ff-el-group'><div class=\"ff-el-input--label ff-el-is-required asterisk-right\"><label for='ff_25_dropdown' id='label_ff_25_dropdown' aria-label=\"\u00bfSobre qu\u00e9 trata tu solicitud?\">\u00bfSobre qu\u00e9 trata tu solicitud?<\/label><\/div><div class='ff-el-input--content'><select name=\"dropdown\" id=\"ff_25_dropdown\" class=\"ff-el-form-control\" data-name=\"dropdown\" data-calc_value=\"0\"  aria-invalid=\"false\" aria-required=\"true\" aria-labelledby=\"label_ff_25_dropdown\"><option value=\"\">- Selecciona una opci\u00f3n -<\/option><option value=\"Problemas en el sitio web\"  >Problemas en el sitio web<\/option><option value=\"Alojamiento web\"  >Alojamiento web<\/option><option value=\"Gesti\u00f3n de comunidad\"  >Gesti\u00f3n de comunidad<\/option><option value=\"Publicidad\"  >Publicidad<\/option><option value=\"SmartAIChat\"  >SmartAIChat<\/option><option value=\"Facturaci\u00f3n\"  >Facturaci\u00f3n<\/option><option value=\"Consulta general\"  >Consulta general<\/option><\/select><\/div><\/div><div class='ff-el-group'><div class=\"ff-el-input--label ff-el-is-required asterisk-right\"><label for='ff_25_description' id='label_ff_25_description' aria-label=\"Mensaje\">Mensaje<\/label><\/div><div class='ff-el-input--content'><textarea aria-required=\"true\" aria-labelledby=\"label_ff_25_description\" name=\"description\" id=\"ff_25_description\" class=\"ff-el-form-control\" placeholder=\"\u00bfEn qu\u00e9 podemos ayudarte?\" rows=\"4\" cols=\"2\" maxlength=\"200\" data-name=\"description\" ><\/textarea><\/div><\/div><div class='ff-el-group ff-text-left ff_submit_btn_wrapper'><button type=\"submit\" class=\"ff-btn ff-btn-submit ff-btn-md ff_btn_style\"  aria-label=\"Enviar Mensaje\">Enviar Mensaje<\/button><\/div><\/fieldset><\/form><div id='fluentform_25_errors' class='ff-errors-in-stack ff_form_instance_25_1 ff-form-loading_errors ff_form_instance_25_1_errors'><\/div><\/div>            <script type=\"text\/javascript\">\n                window.fluent_form_ff_form_instance_25_1 = {\"id\":\"25\",\"settings\":{\"layout\":{\"labelPlacement\":\"top\",\"helpMessagePlacement\":\"with_label\",\"errorMessagePlacement\":\"inline\",\"cssClassName\":\"\",\"asteriskPlacement\":\"asterisk-right\"},\"restrictions\":{\"denyEmptySubmission\":{\"enabled\":false}}},\"form_instance\":\"ff_form_instance_25_1\",\"form_id_selector\":\"fluentform_25\",\"rules\":{\"names[first_name]\":{\"required\":{\"value\":true,\"message\":\"Este campo es obligatorio\",\"global\":false,\"global_message\":\"This field is required\"}},\"names[middle_name]\":{\"required\":{\"value\":false,\"message\":\"This field is required\",\"global\":false,\"global_message\":\"This field is required\"}},\"names[last_name]\":{\"required\":{\"value\":false,\"message\":\"This field is required\",\"global\":false,\"global_message\":\"This field is required\"}},\"email\":{\"required\":{\"value\":true,\"message\":\"Este campo es obligatorio\",\"global\":false,\"global_message\":\"This field is required\"},\"email\":{\"value\":true,\"message\":\"Este campo debe contener un correo electr\\u00f3nico v\\u00e1lido.\",\"global\":false,\"global_message\":\"This field must contain a valid email\"}},\"names_1[first_name]\":{\"required\":{\"value\":true,\"message\":\"Este campo es obligatorio\",\"global\":false,\"global_message\":\"This field is required\"}},\"names_1[middle_name]\":{\"required\":{\"value\":false,\"message\":\"This field is required\",\"global\":false,\"global_message\":\"This field is required\"}},\"names_1[last_name]\":{\"required\":{\"value\":false,\"message\":\"This field is required\",\"global\":false,\"global_message\":\"This field is required\"}},\"numeric_field\":{\"required\":{\"value\":true,\"message\":\"Este campo es obligatorio\",\"global_message\":\"This field is required\",\"global\":true},\"numeric\":{\"value\":true,\"message\":\"Este campo debe contener valor num\\u00e9rico\",\"global_message\":\"This field must contain numeric value\",\"global\":true},\"min\":{\"value\":\"\",\"message\":\"La validaci\\u00f3n falla por el valor m\\u00ednimo\",\"global_message\":\"Validation fails for minimum value\",\"global\":true},\"max\":{\"value\":\"\",\"message\":\"La validaci\\u00f3n falla por el valor m\\u00e1ximo\",\"global_message\":\"Validation fails for maximum value\",\"global\":true},\"digits\":{\"value\":\"\",\"message\":\"La validaci\\u00f3n falla por d\\u00edgitos limitados\",\"global_message\":\"Validation fails for limited digits\",\"global\":true}},\"dropdown\":{\"required\":{\"value\":true,\"message\":\"Este campo es obligatorio\",\"global_message\":\"This field is required\",\"global\":true}},\"description\":{\"required\":{\"value\":true,\"message\":\"This field is required\",\"global\":false,\"global_message\":\"This field is required\"}},\"cf-turnstile-response\":[]},\"debounce_time\":300};\n                            <\/script>\n            <\/div>\n\t\t\t\t\t\t<\/div>\n\t\t\t\t<\/div>\n\t\t\t\t\t<\/div>\n\t\t<\/div>\n\t\t\t\t<div class=\"elementor-column elementor-col-50 elementor-inner-column elementor-element elementor-element-496e54d animated-slow elementor-invisible\" data-id=\"496e54d\" data-element_type=\"column\" data-e-type=\"column\" data-settings=\"{&quot;animation&quot;:&quot;fadeInRight&quot;}\">\n\t\t\t<div class=\"elementor-widget-wrap elementor-element-populated\">\n\t\t\t\t<div class=\"elementor-element elementor-element-200a58d e-con-full e-flex e-con e-child\" data-id=\"200a58d\" data-element_type=\"container\" data-e-type=\"container\" data-settings=\"{&quot;background_background&quot;:&quot;classic&quot;}\">\n\t\t\t\t<div class=\"elementor-element elementor-element-79e3a55 elementor-widget elementor-widget-text-editor\" data-id=\"79e3a55\" data-element_type=\"widget\" data-e-type=\"widget\" data-widget_type=\"text-editor.default\">\n\t\t\t\t<div class=\"elementor-widget-container\">\n\t\t\t\t\t\t\t\t\t<strong>Toll Free:<\/strong> <a href=\"tel:(877) 312-9237\">(877) 312-9237<\/a><br>\n<strong>Linea Principal:<\/strong> <a href=\"tel:(415) 915-3132\">(415) 915-3132<\/a>\t\t\t\t\t\t\t\t<\/div>\n\t\t\t\t<\/div>\n\t\t\t\t<div class=\"elementor-element elementor-element-80ce7d2 elementor-widget elementor-widget-text-editor\" data-id=\"80ce7d2\" data-element_type=\"widget\" data-e-type=\"widget\" data-widget_type=\"text-editor.default\">\n\t\t\t\t<div class=\"elementor-widget-container\">\n\t\t\t\t\t\t\t\t\t<h6>Env\u00edanos un correo electr\u00f3nico<\/h6><p><strong>Ventas:<\/strong><br \/><a href=\"mailto:sales@cyberglobalnet.com\">sales@cyberglobalnet.com<\/a><br \/><strong>Soporte:<\/strong><br \/><a href=\"mailto:support@cyberglobalnet.com\">support@cyberglobalnet.com<\/a><\/p><p>Para obtener una lista completa de correos electr\u00f3nicos, <a href=\"https:\/\/help.cyberglobalnet.com\/en\/support-questions\/email-departments-contacts\" target=\"_blank\" rel=\"noopener\">haga clic aqu\u00ed<\/a><\/p>\t\t\t\t\t\t\t\t<\/div>\n\t\t\t\t<\/div>\n\t\t\t\t<div class=\"elementor-element elementor-element-be11e08 elementor-widget elementor-widget-text-editor\" data-id=\"be11e08\" data-element_type=\"widget\" data-e-type=\"widget\" data-widget_type=\"text-editor.default\">\n\t\t\t\t<div class=\"elementor-widget-container\">\n\t\t\t\t\t\t\t\t\tPara pagos con cheque o comun\u00edquese con:<br>\n\n<a href=\"https:\/\/www.google.com\/maps\/place\/CyberGlobalNet\/@39.1323244,-76.6826145,15z\/data=!4m6!3m5!1s0x89b7e54ed88414a5:0x3939ddbede053516!8m2!3d39.1323244!4d-76.6826145!16s%2Fg%2F11qq79wr2z?entry=ttu\" target=\"_blank\" rel=\"noopener\">7849 Clark Station Rd. Severn, MD 21144<\/a>\t\t\t\t\t\t\t\t<\/div>\n\t\t\t\t<\/div>\n\t\t\t\t<div class=\"elementor-element elementor-element-077cc07 elementor-widget elementor-widget-text-editor\" data-id=\"077cc07\" data-element_type=\"widget\" data-e-type=\"widget\" data-widget_type=\"text-editor.default\">\n\t\t\t\t<div class=\"elementor-widget-container\">\n\t\t\t\t\t\t\t\t\t<h6>S\u00edguenos en<\/h6><div class=\"contact-cgn-icons\"><ul class=\"cgn-icons\">\n<li>\n<a href=\"https:\/\/www.facebook.com\/cyberglobalnet.us\/\" target=\"_blank\" rel=\"noopener noreferrer\">\n<img decoding=\"async\" src=\"\/wp-content\/uploads\/2023\/09\/facebook-1.png\" alt=\"CyberGlobalNet Facebook\" width=\"25\">\n<\/a>\n<\/li>\n<li>\n<a href=\"https:\/\/www.youtube.com\/channel\/UCi36iBeYu-O1mQ1fgaoOwIQ\" target=\"_blank\" rel=\"noopener noreferrer\">\n<img decoding=\"async\" src=\"\/wp-content\/uploads\/2023\/09\/youtube-1.png\" alt=\"CyberGlobalNet YouTube\" width=\"25\">\n<\/a>\n<\/li>\n<li>\n<a href=\"https:\/\/twitter.com\/CyberGlobalNet\" target=\"_blank\" rel=\"noopener noreferrer\">\n<img decoding=\"async\" src=\"\/wp-content\/uploads\/2023\/09\/twitter-1.png\" alt=\"CyberGlobalNet Twitter\" width=\"25\">\n<\/a>\n<\/li>\n<li>\n<a href=\"https:\/\/www.yelp.com\/biz\/cyberglobalnet-inc-leonardtown-2\" target=\"_blank\" rel=\"noopener noreferrer\">\n<img decoding=\"async\" src=\"\/wp-content\/uploads\/2023\/09\/yelp.png\" alt=\"Yelp\" width=\"25\">\n<\/a>\n<\/li>\n<li>\n<a href=\"https:\/\/member.angieslist.com\/member\/login?redirect=https%3A%2F%2Fmember.angieslist.com%2Fmember%2Fstore%2F24259999%2Fabout%3Fquery%3Dcyberglobalnet%26ref%3Dhome--search-autocomplete\" target=\"_blank\" rel=\"noopener noreferrer\">\n<img decoding=\"async\" src=\"\/wp-content\/uploads\/2023\/09\/angieslist.png\" alt=\"CyberGlobalNet AngiesList\" width=\"25\">\n<\/a>\n<\/li>\n<\/ul>\n<ul class=\"cgn-icons\">\n<li>\n<a href=\"https:\/\/www.instagram.com\/cyberglobalnet_us\/\" target=\"_blank\" rel=\"noopener noreferrer\">\n<img decoding=\"async\" src=\"\/wp-content\/uploads\/2023\/09\/instagram-1.png\" alt=\"CyberGlobalNet Instagram\" width=\"25\">\n<\/a>\n<\/li>\n<li>\n<a href=\"https:\/\/www.linkedin.com\/company\/cyberglobalnet-llc\" target=\"_blank\" rel=\"noopener noreferrer\">\n<img decoding=\"async\" src=\"\/wp-content\/uploads\/2023\/09\/linkedin.png\" alt=\"CyberGlobalNet LinkedIn\" width=\"25\">\n<\/a>\n<\/li>\n<li>\n<a href=\"https:\/\/g.page\/cyberglobalnet-odenton\/review?rc\" target=\"_blank\" rel=\"noopener noreferrer\">\n<img decoding=\"async\" src=\"\/wp-content\/uploads\/2023\/09\/feedback.png\" alt=\"CyberGlobalNet  Google Reviews\" width=\"25\">\n<\/a>\n<\/li>\n<li>\n<a href=\"https:\/\/www.trustpilot.com\/evaluate\/cyberglobalnet.com\" target=\"_blank\" rel=\"noopener noreferrer\">\n<img decoding=\"async\" src=\"\/wp-content\/uploads\/2023\/09\/trustpilot.png\" alt=\"CyberGlobalNet Trustpilot\" width=\"25\">\n<\/a>\n<\/li>\n<\/ul><\/div>\t\t\t\t\t\t\t\t<\/div>\n\t\t\t\t<\/div>\n\t\t\t\t<\/div>\n\t\t\t\t\t<\/div>\n\t\t<\/div>\n\t\t\t\t\t<\/div>\n\t\t<\/section>\n\t\t\t\t\t<\/div>\n\t\t<\/div>\n\t\t\t\t\t<\/div>\n\t\t<\/section>\n\t\t\t\t<\/div>\n\t\t","protected":false},"excerpt":{"rendered":"<p>Soporte Home Soporte Centro de Soporte \u00bfNecesitas ayuda? Estamos disponibles para ti Ind\u00edcanos tu consulta completando el formulario. Nuestro equipo de soporte te asistir\u00e1 lo antes posible. Toll Free: (877) 312-9237 Linea Principal: (415) 915-3132 Env\u00edanos un correo electr\u00f3nico Ventas:sales@cyberglobalnet.comSoporte:support@cyberglobalnet.com Para obtener una lista completa de correos electr\u00f3nicos, haga clic aqu\u00ed Para pagos con cheque&#8230;<\/p>","protected":false},"author":6,"featured_media":0,"parent":0,"menu_order":0,"comment_status":"closed","ping_status":"closed","template":"template-builder.php","meta":{"inline_featured_image":false,"footnotes":""},"class_list":["post-16726","page","type-page","status-publish","hentry"],"_links":{"self":[{"href":"https:\/\/us.cyberglobalnet.com\/es\/wp-json\/wp\/v2\/pages\/16726","targetHints":{"allow":["GET"]}}],"collection":[{"href":"https:\/\/us.cyberglobalnet.com\/es\/wp-json\/wp\/v2\/pages"}],"about":[{"href":"https:\/\/us.cyberglobalnet.com\/es\/wp-json\/wp\/v2\/types\/page"}],"author":[{"embeddable":true,"href":"https:\/\/us.cyberglobalnet.com\/es\/wp-json\/wp\/v2\/users\/6"}],"replies":[{"embeddable":true,"href":"https:\/\/us.cyberglobalnet.com\/es\/wp-json\/wp\/v2\/comments?post=16726"}],"version-history":[{"count":4,"href":"https:\/\/us.cyberglobalnet.com\/es\/wp-json\/wp\/v2\/pages\/16726\/revisions"}],"predecessor-version":[{"id":18760,"href":"https:\/\/us.cyberglobalnet.com\/es\/wp-json\/wp\/v2\/pages\/16726\/revisions\/18760"}],"wp:attachment":[{"href":"https:\/\/us.cyberglobalnet.com\/es\/wp-json\/wp\/v2\/media?parent=16726"}],"curies":[{"name":"wp","href":"https:\/\/api.w.org\/{rel}","templated":true}]}}