{"id":12925,"date":"2024-01-12T23:21:13","date_gmt":"2024-01-12T23:21:13","guid":{"rendered":"http:\/\/us.cyberglobalnet.com\/?page_id=12925"},"modified":"2026-02-19T17:03:27","modified_gmt":"2026-02-19T22:03:27","slug":"produccion-de-video","status":"publish","type":"page","link":"https:\/\/us.cyberglobalnet.com\/es\/produccion-de-video\/","title":{"rendered":"Producci\u00f3n de Video"},"content":{"rendered":"<div data-elementor-type=\"wp-page\" data-elementor-id=\"12925\" class=\"elementor elementor-12925\" data-elementor-post-type=\"page\">\n\t\t\t\t<div class=\"elementor-element elementor-element-0332638 e-flex e-con-boxed e-con e-parent\" data-id=\"0332638\" data-element_type=\"container\" data-e-type=\"container\" data-settings=\"{&quot;background_background&quot;:&quot;classic&quot;}\">\n\t\t\t\t\t<div class=\"e-con-inner\">\n\t\t\t\t<div class=\"elementor-element elementor-element-391be2d elementor-widget elementor-widget-heading\" data-id=\"391be2d\" data-element_type=\"widget\" data-e-type=\"widget\" data-widget_type=\"heading.default\">\n\t\t\t\t<div class=\"elementor-widget-container\">\n\t\t\t\t\t<h1 class=\"elementor-heading-title elementor-size-default\">Producci\u00f3n de Video<\/h1>\t\t\t\t<\/div>\n\t\t\t\t<\/div>\n\t\t\t\t<div class=\"elementor-element elementor-element-5779fad elementor-icon-list--layout-inline elementor-mobile-align-center elementor-list-item-link-full_width elementor-widget elementor-widget-icon-list\" data-id=\"5779fad\" data-element_type=\"widget\" data-e-type=\"widget\" data-widget_type=\"icon-list.default\">\n\t\t\t\t<div class=\"elementor-widget-container\">\n\t\t\t\t\t\t\t<ul class=\"elementor-icon-list-items elementor-inline-items\">\n\t\t\t\t\t\t\t<li class=\"elementor-icon-list-item elementor-inline-item\">\n\t\t\t\t\t\t\t\t\t\t\t<a href=\"\/\">\n\n\t\t\t\t\t\t\t\t\t\t\t<span class=\"elementor-icon-list-text\">Inicio<\/span>\n\t\t\t\t\t\t\t\t\t\t\t<\/a>\n\t\t\t\t\t\t\t\t\t<\/li>\n\t\t\t\t\t\t\t\t<li class=\"elementor-icon-list-item elementor-inline-item\">\n\t\t\t\t\t\t\t\t\t\t\t<span class=\"elementor-icon-list-icon\">\n\t\t\t\t\t\t\t<i aria-hidden=\"true\" class=\"fas fa-arrow-alt-circle-right\"><\/i>\t\t\t\t\t\t<\/span>\n\t\t\t\t\t\t\t\t\t\t<span class=\"elementor-icon-list-text\">Producci\u00f3n de Video<\/span>\n\t\t\t\t\t\t\t\t\t<\/li>\n\t\t\t\t\t\t<\/ul>\n\t\t\t\t\t\t<\/div>\n\t\t\t\t<\/div>\n\t\t\t\t\t<\/div>\n\t\t\t\t<\/div>\n\t\t\t\t<section class=\"elementor-section elementor-top-section elementor-element elementor-element-562f427 elementor-section-full_width elementor-section-height-default elementor-section-height-default\" data-id=\"562f427\" data-element_type=\"section\" data-e-type=\"section\">\n\t\t\t\t\t\t<div class=\"elementor-container elementor-column-gap-no\">\n\t\t\t\t\t<div class=\"elementor-column elementor-col-100 elementor-top-column elementor-element elementor-element-6edb07c\" data-id=\"6edb07c\" data-element_type=\"column\" data-e-type=\"column\">\n\t\t\t<div class=\"elementor-widget-wrap elementor-element-populated\">\n\t\t\t\t\t\t<section class=\"elementor-section elementor-inner-section elementor-element elementor-element-550082d elementor-reverse-tablet elementor-reverse-mobile elementor-section-boxed elementor-section-height-default elementor-section-height-default\" data-id=\"550082d\" data-element_type=\"section\" data-e-type=\"section\">\n\t\t\t\t\t\t<div class=\"elementor-container elementor-column-gap-no\">\n\t\t\t\t\t<div class=\"elementor-column elementor-col-50 elementor-inner-column elementor-element elementor-element-e1ece82 animated-slow elementor-invisible\" data-id=\"e1ece82\" data-element_type=\"column\" data-e-type=\"column\" data-settings=\"{&quot;animation&quot;:&quot;fadeInLeft&quot;,&quot;animation_mobile&quot;:&quot;none&quot;}\">\n\t\t\t<div class=\"elementor-widget-wrap elementor-element-populated\">\n\t\t\t\t\t\t<div class=\"elementor-element elementor-element-848a82b elementor-widget elementor-widget-techbizsectiontitle\" data-id=\"848a82b\" data-element_type=\"widget\" data-e-type=\"widget\" data-widget_type=\"techbizsectiontitle.default\">\n\t\t\t\t<div class=\"elementor-widget-container\">\n\t\t\t\t\t<!-- Section Title --><div class=\"title-area\" ><h2 class=\"sec-subtitle subtitle-selector\">\u00bfPor qu\u00e9 tener un video de presentaci\u00f3n?\n<\/h2><h3 class=\"sec-title3 title-selector h1\">Producci\u00f3n de Video<\/h3><\/div><!-- End Section Title -->\t\t\t\t<\/div>\n\t\t\t\t<\/div>\n\t\t<div class=\"elementor-element elementor-element-4d554e5 e-flex e-con-boxed e-con e-parent\" data-id=\"4d554e5\" data-element_type=\"container\" data-e-type=\"container\">\n\t\t\t\t\t<div class=\"e-con-inner\">\n\t\t\t\t<div class=\"elementor-element elementor-element-fb56c46 elementor-icon-list--layout-traditional elementor-list-item-link-full_width elementor-widget elementor-widget-icon-list\" data-id=\"fb56c46\" data-element_type=\"widget\" data-e-type=\"widget\" data-widget_type=\"icon-list.default\">\n\t\t\t\t<div class=\"elementor-widget-container\">\n\t\t\t\t\t\t\t<ul class=\"elementor-icon-list-items\">\n\t\t\t\t\t\t\t<li class=\"elementor-icon-list-item\">\n\t\t\t\t\t\t\t\t\t\t\t<span class=\"elementor-icon-list-icon\">\n\t\t\t\t\t\t\t<i aria-hidden=\"true\" class=\"fas fa-check-circle\"><\/i>\t\t\t\t\t\t<\/span>\n\t\t\t\t\t\t\t\t\t\t<span class=\"elementor-icon-list-text\">Una imagen vale m\u00e1s que 1,000 palabras y un v\u00eddeo m\u00e1s de 100,000.<\/span>\n\t\t\t\t\t\t\t\t\t<\/li>\n\t\t\t\t\t\t\t\t<li class=\"elementor-icon-list-item\">\n\t\t\t\t\t\t\t\t\t\t\t<span class=\"elementor-icon-list-icon\">\n\t\t\t\t\t\t\t<i aria-hidden=\"true\" class=\"fas fa-check-circle\"><\/i>\t\t\t\t\t\t<\/span>\n\t\t\t\t\t\t\t\t\t\t<span class=\"elementor-icon-list-text\">Es la forma m\u00e1s din\u00e1mica y eficaz de hacer conocer tu empresa. Hoy en d\u00eda, la gente lee menos y se nutre m\u00e1s de informaci\u00f3n que est\u00e1 en la red y especialmente en v\u00eddeo.<\/span>\n\t\t\t\t\t\t\t\t\t<\/li>\n\t\t\t\t\t\t\t\t<li class=\"elementor-icon-list-item\">\n\t\t\t\t\t\t\t\t\t\t\t<span class=\"elementor-icon-list-icon\">\n\t\t\t\t\t\t\t<i aria-hidden=\"true\" class=\"fas fa-check-circle\"><\/i>\t\t\t\t\t\t<\/span>\n\t\t\t\t\t\t\t\t\t\t<span class=\"elementor-icon-list-text\">Con un V\u00eddeo en YouTube puedes conseguir millones de personas que vean los servicios o productos que vende tu empresa, adem\u00e1s de segmentar adecuadamente, en caso lo necesites. Un v\u00eddeo publicado en YouTube lo puedes compartir en Facebook, Instagram y cuanta red social desees utilizar.<\/span>\n\t\t\t\t\t\t\t\t\t<\/li>\n\t\t\t\t\t\t\t\t<li class=\"elementor-icon-list-item\">\n\t\t\t\t\t\t\t\t\t\t\t<span class=\"elementor-icon-list-icon\">\n\t\t\t\t\t\t\t<i aria-hidden=\"true\" class=\"fas fa-check-circle\"><\/i>\t\t\t\t\t\t<\/span>\n\t\t\t\t\t\t\t\t\t\t<span class=\"elementor-icon-list-text\">Teniendo tu propio Canal de YouTube puedes hacer publicidad cuando lo desees, adem\u00e1s con el presupuesto que dispongas. Las campa\u00f1as pueden ser por dias, semanas o meses.<\/span>\n\t\t\t\t\t\t\t\t\t<\/li>\n\t\t\t\t\t\t\t\t<li class=\"elementor-icon-list-item\">\n\t\t\t\t\t\t\t\t\t\t\t<span class=\"elementor-icon-list-icon\">\n\t\t\t\t\t\t\t<i aria-hidden=\"true\" class=\"fas fa-check-circle\"><\/i>\t\t\t\t\t\t<\/span>\n\t\t\t\t\t\t\t\t\t\t<span class=\"elementor-icon-list-text\">El V\u00eddeo te lleva tr\u00e1fico a tu sitio Web, donde tienes la oportunidad de explicar con m\u00e1s detalle lo que vendes o los servicios que prestas.<\/span>\n\t\t\t\t\t\t\t\t\t<\/li>\n\t\t\t\t\t\t\t\t<li class=\"elementor-icon-list-item\">\n\t\t\t\t\t\t\t\t\t\t\t<span class=\"elementor-icon-list-icon\">\n\t\t\t\t\t\t\t<i aria-hidden=\"true\" class=\"fas fa-check-circle\"><\/i>\t\t\t\t\t\t<\/span>\n\t\t\t\t\t\t\t\t\t\t<span class=\"elementor-icon-list-text\">Los clientes conf\u00edan m\u00e1s cuando ven una cara que presenta a una empresa, el v\u00eddeo es sin\u00f3nimo de confianza.<\/span>\n\t\t\t\t\t\t\t\t\t<\/li>\n\t\t\t\t\t\t\t\t<li class=\"elementor-icon-list-item\">\n\t\t\t\t\t\t\t\t\t\t\t<span class=\"elementor-icon-list-icon\">\n\t\t\t\t\t\t\t<i aria-hidden=\"true\" class=\"fas fa-check-circle\"><\/i>\t\t\t\t\t\t<\/span>\n\t\t\t\t\t\t\t\t\t\t<span class=\"elementor-icon-list-text\">Finalmente, te diferencias de tus competidores, tus ventas se incrementan y tu alcance puede ser a cualquier lugar del mundo en particular. Sumado a que las Plataformas como YouTube te proveen estad\u00edstica que te puede ayudar a segmentar tu mercado y tu p\u00fablico objetivo.<\/span>\n\t\t\t\t\t\t\t\t\t<\/li>\n\t\t\t\t\t\t<\/ul>\n\t\t\t\t\t\t<\/div>\n\t\t\t\t<\/div>\n\t\t\t\t\t<\/div>\n\t\t\t\t<\/div>\n\t\t\t\t\t<\/div>\n\t\t<\/div>\n\t\t\t\t<div class=\"elementor-column elementor-col-50 elementor-inner-column elementor-element elementor-element-2a68713 animated-slow elementor-invisible\" data-id=\"2a68713\" data-element_type=\"column\" data-e-type=\"column\" data-settings=\"{&quot;animation&quot;:&quot;fadeInRight&quot;,&quot;animation_mobile&quot;:&quot;none&quot;}\">\n\t\t\t<div class=\"elementor-widget-wrap elementor-element-populated\">\n\t\t\t\t\t\t<div class=\"elementor-element elementor-element-1f7775b elementor-widget elementor-widget-image\" data-id=\"1f7775b\" data-element_type=\"widget\" data-e-type=\"widget\" data-widget_type=\"image.default\">\n\t\t\t\t<div class=\"elementor-widget-container\">\n\t\t\t\t\t\t\t\t\t\t\t\t\t\t\t<img decoding=\"async\" src=\"https:\/\/us.cyberglobalnet.com\/wp-content\/uploads\/2023\/11\/male-video-editor-working-on-his-personal-computer-2026-01-05-22-53-13-utc-scaled.webp\" title=\"\" alt=\"\" loading=\"lazy\" \/>\t\t\t\t\t\t\t\t\t\t\t\t\t\t\t<\/div>\n\t\t\t\t<\/div>\n\t\t\t\t\t<\/div>\n\t\t<\/div>\n\t\t\t\t\t<\/div>\n\t\t<\/section>\n\t\t\t\t\t<\/div>\n\t\t<\/div>\n\t\t\t\t\t<\/div>\n\t\t<\/section>\n\t\t\t\t<section class=\"elementor-section elementor-top-section elementor-element elementor-element-084e2fe elementor-section-full_width elementor-section-height-default elementor-section-height-default\" data-id=\"084e2fe\" data-element_type=\"section\" data-e-type=\"section\" data-settings=\"{&quot;background_background&quot;:&quot;classic&quot;}\">\n\t\t\t\t\t\t\t<div class=\"elementor-background-overlay\"><\/div>\n\t\t\t\t\t\t\t<div class=\"elementor-container elementor-column-gap-no\">\n\t\t\t\t\t<div class=\"elementor-column elementor-col-100 elementor-top-column elementor-element elementor-element-7895cfe\" data-id=\"7895cfe\" data-element_type=\"column\" data-e-type=\"column\">\n\t\t\t<div class=\"elementor-widget-wrap elementor-element-populated\">\n\t\t\t\t\t\t<section class=\"elementor-section elementor-inner-section elementor-element elementor-element-ae48b5b elementor-section-boxed elementor-section-height-default elementor-section-height-default\" data-id=\"ae48b5b\" data-element_type=\"section\" data-e-type=\"section\">\n\t\t\t\t\t\t<div class=\"elementor-container elementor-column-gap-default\">\n\t\t\t\t\t<div class=\"elementor-column elementor-col-100 elementor-inner-column elementor-element elementor-element-3f09ebd\" data-id=\"3f09ebd\" data-element_type=\"column\" data-e-type=\"column\">\n\t\t\t<div class=\"elementor-widget-wrap elementor-element-populated\">\n\t\t\t\t\t\t<div class=\"elementor-element elementor-element-f5ec8cc elementor-widget elementor-widget-bizinosectiontitle\" data-id=\"f5ec8cc\" data-element_type=\"widget\" data-e-type=\"widget\" data-widget_type=\"bizinosectiontitle.default\">\n\t\t\t\t<div class=\"elementor-widget-container\">\n\t\t\t\t\t            <!--    Title Style 2        -->\r\n            <div class=\"title-area\">\r\n                <div class=\"sec-pills\">\r\n                            <div class=\"pill\"><\/div>\r\n                            <div class=\"pill\"><\/div>\r\n                            <div class=\"pill\"><\/div>\r\n                        <\/div><span class=\"sec-subtitle5\">Videos de Negocios<\/span><h2 class=\"sec-title5\">Obtenga un Video Empresarial\n<\/h2>            <\/div>\r\n            \t\t\t\t<\/div>\n\t\t\t\t<\/div>\n\t\t\t\t\t<\/div>\n\t\t<\/div>\n\t\t\t\t\t<\/div>\n\t\t<\/section>\n\t\t\t\t<section class=\"elementor-section elementor-inner-section elementor-element elementor-element-ec94664 elementor-section-boxed elementor-section-height-default elementor-section-height-default\" data-id=\"ec94664\" data-element_type=\"section\" data-e-type=\"section\">\n\t\t\t\t\t\t<div class=\"elementor-container elementor-column-gap-no\">\n\t\t\t\t\t<div class=\"elementor-column elementor-col-50 elementor-inner-column elementor-element elementor-element-2986146\" data-id=\"2986146\" data-element_type=\"column\" data-e-type=\"column\">\n\t\t\t<div class=\"elementor-widget-wrap elementor-element-populated\">\n\t\t\t\t\t\t<div class=\"elementor-element elementor-element-27956fc elementor-widget elementor-widget-bizinopricingplan\" data-id=\"27956fc\" data-element_type=\"widget\" data-e-type=\"widget\" data-widget_type=\"bizinopricingplan.default\">\n\t\t\t\t<div class=\"elementor-widget-container\">\n\t\t\t\t\t<div class=\"package-style3\"><div class=\"package-head\"><div class=\"package-icon\"><img decoding=\"async\" src=\"https:\/\/us.cyberglobalnet.com\/wp-content\/uploads\/2023\/11\/wired-flat-1329-responsive-hover-responsive-1-1.png\" alt=\"wired-flat-1329-responsive-hover-responsive (1) (1)\"  \/><\/div><h3 class=\"package-title\">PLAN 1\n<\/h3><\/div><p class=\"package-text\">Video de 60 segundos o hasta 100 Palabras<\/p><p class=\"package-price\"><span class=\"amount\">$535.00\n<\/span>\n<\/p><a href=\"https:\/\/manage.cyberglobalnet.com\/order\/main\/packages\/business-video\/?group_id=62\" class=\"vs-btn\">Comprar Ahora<\/a><\/div>\t\t\t\t<\/div>\n\t\t\t\t<\/div>\n\t\t\t\t\t<\/div>\n\t\t<\/div>\n\t\t\t\t<div class=\"elementor-column elementor-col-50 elementor-inner-column elementor-element elementor-element-b120f57\" data-id=\"b120f57\" data-element_type=\"column\" data-e-type=\"column\">\n\t\t\t<div class=\"elementor-widget-wrap elementor-element-populated\">\n\t\t\t\t\t\t<div class=\"elementor-element elementor-element-c64a4aa elementor-widget elementor-widget-bizinopricingplan\" data-id=\"c64a4aa\" data-element_type=\"widget\" data-e-type=\"widget\" data-widget_type=\"bizinopricingplan.default\">\n\t\t\t\t<div class=\"elementor-widget-container\">\n\t\t\t\t\t<div class=\"package-style3 active\"><div class=\"package-head\"><div class=\"package-icon\"><img decoding=\"async\" src=\"https:\/\/us.cyberglobalnet.com\/wp-content\/uploads\/2023\/11\/wired-flat-478-computer-display-hover-angle-1.png\" alt=\"wired-flat-478-computer-display-hover-angle (1)\"  \/><\/div><h3 class=\"package-title\">PLAN 2\n<\/h3><\/div><p class=\"package-text\">Video de 30 segundos o hasta 50 Palabras<\/p><p class=\"package-price\"><span class=\"amount\">$475.00<\/span>\n<\/p><a href=\"https:\/\/manage.cyberglobalnet.com\/order\/main\/packages\/business-video\/?group_id=62\" class=\"vs-btn\">Comprar Ahora<\/a><\/div>\t\t\t\t<\/div>\n\t\t\t\t<\/div>\n\t\t\t\t\t<\/div>\n\t\t<\/div>\n\t\t\t\t\t<\/div>\n\t\t<\/section>\n\t\t\t\t\t<\/div>\n\t\t<\/div>\n\t\t\t\t\t<\/div>\n\t\t<\/section>\n\t\t<div class=\"elementor-element elementor-element-5a88ab8 e-flex e-con-boxed e-con e-parent\" data-id=\"5a88ab8\" data-element_type=\"container\" data-e-type=\"container\" data-settings=\"{&quot;background_background&quot;:&quot;classic&quot;}\">\n\t\t\t\t\t<div class=\"e-con-inner\">\n\t\t<div class=\"elementor-element elementor-element-1daa1aa e-flex e-con-boxed e-con e-child\" data-id=\"1daa1aa\" data-element_type=\"container\" data-e-type=\"container\">\n\t\t\t\t\t<div class=\"e-con-inner\">\n\t\t\t\t<div class=\"elementor-element elementor-element-5508420 elementor-widget elementor-widget-bizinosectiontitle\" data-id=\"5508420\" data-element_type=\"widget\" data-e-type=\"widget\" data-widget_type=\"bizinosectiontitle.default\">\n\t\t\t\t<div class=\"elementor-widget-container\">\n\t\t\t\t\t            <!--    Title Style 2        -->\r\n            <div class=\"title-area\">\r\n                <div class=\"sec-pills\">\r\n                            <div class=\"pill\"><\/div>\r\n                            <div class=\"pill\"><\/div>\r\n                            <div class=\"pill\"><\/div>\r\n                        <\/div><span class=\"sec-subtitle5\">Nuestro Portafolio<\/span><h2 class=\"sec-title5\">V\u00eddeos Destacados Que Hemos Producido\n<\/h2>            <\/div>\r\n            \t\t\t\t<\/div>\n\t\t\t\t<\/div>\n\t\t<div class=\"elementor-element elementor-element-a8bdd65 e-flex e-con-boxed e-con e-child\" data-id=\"a8bdd65\" data-element_type=\"container\" data-e-type=\"container\">\n\t\t\t\t\t<div class=\"e-con-inner\">\n\t\t<div class=\"elementor-element elementor-element-53d1245 e-flex e-con-boxed e-con e-child\" data-id=\"53d1245\" data-element_type=\"container\" data-e-type=\"container\">\n\t\t\t\t\t<div class=\"e-con-inner\">\n\t\t\t\t<div class=\"elementor-element elementor-element-382b338 elementor-widget elementor-widget-video\" data-id=\"382b338\" data-element_type=\"widget\" data-e-type=\"widget\" data-settings=\"{&quot;youtube_url&quot;:&quot;https:\\\/\\\/www.youtube.com\\\/watch?v=u470mWvd6CI&quot;,&quot;video_type&quot;:&quot;youtube&quot;,&quot;controls&quot;:&quot;yes&quot;}\" data-widget_type=\"video.default\">\n\t\t\t\t<div class=\"elementor-widget-container\">\n\t\t\t\t\t\t\t<div class=\"elementor-wrapper elementor-open-inline\">\n\t\t\t<div class=\"elementor-video\"><\/div>\t\t<\/div>\n\t\t\t\t\t\t<\/div>\n\t\t\t\t<\/div>\n\t\t\t\t<div class=\"elementor-element elementor-element-e33d3d1 elementor-widget elementor-widget-heading\" data-id=\"e33d3d1\" data-element_type=\"widget\" data-e-type=\"widget\" data-widget_type=\"heading.default\">\n\t\t\t\t<div class=\"elementor-widget-container\">\n\t\t\t\t\t<h6 class=\"elementor-heading-title elementor-size-default\">Queen Cleaning Service \u2013 Video Presentaci\u00f3n<\/h6>\t\t\t\t<\/div>\n\t\t\t\t<\/div>\n\t\t\t\t\t<\/div>\n\t\t\t\t<\/div>\n\t\t<div class=\"elementor-element elementor-element-89396ea e-flex e-con-boxed e-con e-child\" data-id=\"89396ea\" data-element_type=\"container\" data-e-type=\"container\">\n\t\t\t\t\t<div class=\"e-con-inner\">\n\t\t\t\t<div class=\"elementor-element elementor-element-20eafc9 elementor-widget elementor-widget-video\" data-id=\"20eafc9\" data-element_type=\"widget\" data-e-type=\"widget\" data-settings=\"{&quot;youtube_url&quot;:&quot;https:\\\/\\\/www.youtube.com\\\/watch?v=vJGKEk4l2RM&quot;,&quot;video_type&quot;:&quot;youtube&quot;,&quot;controls&quot;:&quot;yes&quot;}\" data-widget_type=\"video.default\">\n\t\t\t\t<div class=\"elementor-widget-container\">\n\t\t\t\t\t\t\t<div class=\"elementor-wrapper elementor-open-inline\">\n\t\t\t<div class=\"elementor-video\"><\/div>\t\t<\/div>\n\t\t\t\t\t\t<\/div>\n\t\t\t\t<\/div>\n\t\t\t\t<div class=\"elementor-element elementor-element-c394bad elementor-widget elementor-widget-heading\" data-id=\"c394bad\" data-element_type=\"widget\" data-e-type=\"widget\" data-widget_type=\"heading.default\">\n\t\t\t\t<div class=\"elementor-widget-container\">\n\t\t\t\t\t<h6 class=\"elementor-heading-title elementor-size-default\">Queen Cleaning Service \u2013 Video Presentaci\u00f3n<\/h6>\t\t\t\t<\/div>\n\t\t\t\t<\/div>\n\t\t\t\t\t<\/div>\n\t\t\t\t<\/div>\n\t\t<div class=\"elementor-element elementor-element-50f96dd e-flex e-con-boxed e-con e-child\" data-id=\"50f96dd\" data-element_type=\"container\" data-e-type=\"container\">\n\t\t\t\t\t<div class=\"e-con-inner\">\n\t\t\t\t<div class=\"elementor-element elementor-element-065b6c5 elementor-widget elementor-widget-video\" data-id=\"065b6c5\" data-element_type=\"widget\" data-e-type=\"widget\" data-settings=\"{&quot;youtube_url&quot;:&quot;https:\\\/\\\/www.youtube.com\\\/watch?v=9LtiI3VZniI&amp;t=2s&quot;,&quot;video_type&quot;:&quot;youtube&quot;,&quot;controls&quot;:&quot;yes&quot;}\" data-widget_type=\"video.default\">\n\t\t\t\t<div class=\"elementor-widget-container\">\n\t\t\t\t\t\t\t<div class=\"elementor-wrapper elementor-open-inline\">\n\t\t\t<div class=\"elementor-video\"><\/div>\t\t<\/div>\n\t\t\t\t\t\t<\/div>\n\t\t\t\t<\/div>\n\t\t\t\t<div class=\"elementor-element elementor-element-01662ea elementor-widget elementor-widget-heading\" data-id=\"01662ea\" data-element_type=\"widget\" data-e-type=\"widget\" data-widget_type=\"heading.default\">\n\t\t\t\t<div class=\"elementor-widget-container\">\n\t\t\t\t\t<h6 class=\"elementor-heading-title elementor-size-default\">B Molina Contractors \u2013 Video Presentaci\u00f3n<\/h6>\t\t\t\t<\/div>\n\t\t\t\t<\/div>\n\t\t\t\t\t<\/div>\n\t\t\t\t<\/div>\n\t\t\t\t\t<\/div>\n\t\t\t\t<\/div>\n\t\t\t\t<div class=\"elementor-element elementor-element-7e92f53 animated-slow elementor-invisible elementor-widget elementor-widget-bizinobutton\" data-id=\"7e92f53\" data-element_type=\"widget\" data-e-type=\"widget\" data-settings=\"{&quot;_animation&quot;:&quot;fadeInUp&quot;}\" data-widget_type=\"bizinobutton.default\">\n\t\t\t\t<div class=\"elementor-widget-container\">\n\t\t\t\t\t<div class=\"btn-align\" ><a class=\"vs-btn\" href=\"https:\/\/videos.cyberglobalnet.com\/en\" target=\"_blank\">Ver Nuestro Portafolio<\/a><\/div>\t\t\t\t<\/div>\n\t\t\t\t<\/div>\n\t\t\t\t\t<\/div>\n\t\t\t\t<\/div>\n\t\t\t\t\t<\/div>\n\t\t\t\t<\/div>\n\t\t\t\t<\/div>","protected":false},"excerpt":{"rendered":"<p>Producci\u00f3n de Video Inicio Producci\u00f3n de Video \u00bfPor qu\u00e9 tener un video de presentaci\u00f3n? Producci\u00f3n de Video Una imagen vale m\u00e1s que 1,000 palabras y un v\u00eddeo m\u00e1s de 100,000. Es la forma m\u00e1s din\u00e1mica y eficaz de hacer conocer tu empresa. Hoy en d\u00eda, la gente lee menos y se nutre m\u00e1s de informaci\u00f3n&#8230;<\/p>","protected":false},"author":2,"featured_media":0,"parent":0,"menu_order":0,"comment_status":"closed","ping_status":"closed","template":"template-builder.php","meta":{"inline_featured_image":false,"footnotes":""},"class_list":["post-12925","page","type-page","status-publish","hentry"],"_links":{"self":[{"href":"https:\/\/us.cyberglobalnet.com\/es\/wp-json\/wp\/v2\/pages\/12925","targetHints":{"allow":["GET"]}}],"collection":[{"href":"https:\/\/us.cyberglobalnet.com\/es\/wp-json\/wp\/v2\/pages"}],"about":[{"href":"https:\/\/us.cyberglobalnet.com\/es\/wp-json\/wp\/v2\/types\/page"}],"author":[{"embeddable":true,"href":"https:\/\/us.cyberglobalnet.com\/es\/wp-json\/wp\/v2\/users\/2"}],"replies":[{"embeddable":true,"href":"https:\/\/us.cyberglobalnet.com\/es\/wp-json\/wp\/v2\/comments?post=12925"}],"version-history":[{"count":10,"href":"https:\/\/us.cyberglobalnet.com\/es\/wp-json\/wp\/v2\/pages\/12925\/revisions"}],"predecessor-version":[{"id":18878,"href":"https:\/\/us.cyberglobalnet.com\/es\/wp-json\/wp\/v2\/pages\/12925\/revisions\/18878"}],"wp:attachment":[{"href":"https:\/\/us.cyberglobalnet.com\/es\/wp-json\/wp\/v2\/media?parent=12925"}],"curies":[{"name":"wp","href":"https:\/\/api.w.org\/{rel}","templated":true}]}}