{"id":11812,"date":"2023-09-28T18:29:10","date_gmt":"2023-09-28T18:29:10","guid":{"rendered":"http:\/\/us.cyberglobalnet.com\/?page_id=11812"},"modified":"2026-02-19T14:14:27","modified_gmt":"2026-02-19T19:14:27","slug":"contactanos","status":"publish","type":"page","link":"https:\/\/us.cyberglobalnet.com\/es\/contactanos\/","title":{"rendered":"Cont\u00e1ctanos"},"content":{"rendered":"\t\t<div data-elementor-type=\"wp-page\" data-elementor-id=\"11812\" class=\"elementor elementor-11812\" data-elementor-post-type=\"page\">\n\t\t\t\t<div class=\"elementor-element elementor-element-a2777d1 e-flex e-con-boxed e-con e-parent\" data-id=\"a2777d1\" data-element_type=\"container\" data-e-type=\"container\" data-settings=\"{&quot;background_background&quot;:&quot;classic&quot;}\">\n\t\t\t\t\t<div class=\"e-con-inner\">\n\t\t\t\t<div class=\"elementor-element elementor-element-8ed5524 elementor-widget elementor-widget-heading\" data-id=\"8ed5524\" data-element_type=\"widget\" data-e-type=\"widget\" data-widget_type=\"heading.default\">\n\t\t\t\t<div class=\"elementor-widget-container\">\n\t\t\t\t\t<h1 class=\"elementor-heading-title elementor-size-default\">Estamos aqu\u00ed para ayudar<\/h1>\t\t\t\t<\/div>\n\t\t\t\t<\/div>\n\t\t\t\t<div class=\"elementor-element elementor-element-a1fe82a elementor-widget elementor-widget-heading\" data-id=\"a1fe82a\" data-element_type=\"widget\" data-e-type=\"widget\" data-widget_type=\"heading.default\">\n\t\t\t\t<div class=\"elementor-widget-container\">\n\t\t\t\t\t<h5 class=\"elementor-heading-title elementor-size-medium\">P\u00f3ngase en contacto con nuestro equipo profesional para cualquier problema o pregunta. \u00a1Nuestros profesionales capacitados est\u00e1n aqu\u00ed para usted!<\/h5>\t\t\t\t<\/div>\n\t\t\t\t<\/div>\n\t\t\t\t<div class=\"elementor-element elementor-element-f21bfdb elementor-icon-list--layout-inline elementor-list-item-link-full_width elementor-widget elementor-widget-icon-list\" data-id=\"f21bfdb\" data-element_type=\"widget\" data-e-type=\"widget\" data-widget_type=\"icon-list.default\">\n\t\t\t\t<div class=\"elementor-widget-container\">\n\t\t\t\t\t\t\t<ul class=\"elementor-icon-list-items elementor-inline-items\">\n\t\t\t\t\t\t\t<li class=\"elementor-icon-list-item elementor-inline-item\">\n\t\t\t\t\t\t\t\t\t\t\t<a href=\"\/\">\n\n\t\t\t\t\t\t\t\t\t\t\t<span class=\"elementor-icon-list-text\">Inicio<\/span>\n\t\t\t\t\t\t\t\t\t\t\t<\/a>\n\t\t\t\t\t\t\t\t\t<\/li>\n\t\t\t\t\t\t\t\t<li class=\"elementor-icon-list-item elementor-inline-item\">\n\t\t\t\t\t\t\t\t\t\t\t<span class=\"elementor-icon-list-icon\">\n\t\t\t\t\t\t\t<i aria-hidden=\"true\" class=\"fas fa-arrow-alt-circle-right\"><\/i>\t\t\t\t\t\t<\/span>\n\t\t\t\t\t\t\t\t\t\t<span class=\"elementor-icon-list-text\">Cont\u00e1ctenos<\/span>\n\t\t\t\t\t\t\t\t\t<\/li>\n\t\t\t\t\t\t<\/ul>\n\t\t\t\t\t\t<\/div>\n\t\t\t\t<\/div>\n\t\t\t\t\t<\/div>\n\t\t\t\t<\/div>\n\t\t<div class=\"elementor-element elementor-element-f194c6e e-flex e-con-boxed e-con e-parent\" data-id=\"f194c6e\" data-element_type=\"container\" data-e-type=\"container\">\n\t\t\t\t\t<div class=\"e-con-inner\">\n\t\t<div class=\"elementor-element elementor-element-75606d1 e-con-full e-flex e-con e-child\" data-id=\"75606d1\" data-element_type=\"container\" data-e-type=\"container\">\n\t\t\t\t<div class=\"elementor-element elementor-element-901e162 elementor-widget elementor-widget-techbizsectiontitle\" data-id=\"901e162\" data-element_type=\"widget\" data-e-type=\"widget\" data-widget_type=\"techbizsectiontitle.default\">\n\t\t\t\t<div class=\"elementor-widget-container\">\n\t\t\t\t\t<!-- Section Title --><div class=\"title-area\" ><h2 class=\"sec-subtitle subtitle-selector\">Formulario de Contacto<\/h2><h3 class=\"sec-title3 title-selector h1\">Env\u00edanos un Mensaje<\/h3><p class=\"desc\">\u00bfTiene preguntas sobre alguno de nuestros productos? \u00a1Complete el formulario y nos comunicaremos con usted con respuestas!<\/p><\/div><!-- End Section Title -->\t\t\t\t<\/div>\n\t\t\t\t<\/div>\n\t\t\t\t<div class=\"elementor-element elementor-element-fb9ef23 elementor-widget elementor-widget-shortcode\" data-id=\"fb9ef23\" data-element_type=\"widget\" data-e-type=\"widget\" data-widget_type=\"shortcode.default\">\n\t\t\t\t<div class=\"elementor-widget-container\">\n\t\t\t\t\t\t\t<div class=\"elementor-shortcode\"><div class='fluentform ff-default fluentform_wrapper_14 ffs_default_wrap'><form data-form_id=\"14\" id=\"fluentform_14\" class=\"frm-fluent-form fluent_form_14 ff-el-form-top ff_form_instance_14_1 ff-form-loading ffs_default\" data-form_instance=\"ff_form_instance_14_1\" method=\"POST\" ><fieldset  style=\"border: none!important;margin: 0!important;padding: 0!important;background-color: transparent!important;box-shadow: none!important;outline: none!important; min-inline-size: 100%;\">\n                    <legend class=\"ff_screen_reader_title\" style=\"display: block; margin: 0!important;padding: 0!important;height: 0!important;text-indent: -999999px;width: 0!important;overflow:hidden;\">[ES] Contactenos<\/legend><input type='hidden' name='__fluent_form_embded_post_id' value='2967' \/><input type=\"hidden\" id=\"_fluentform_14_fluentformnonce\" name=\"_fluentform_14_fluentformnonce\" value=\"eccb0bd949\" \/><input type=\"hidden\" name=\"_wp_http_referer\" value=\"\/es\/wp-json\/wp\/v2\/pages\/11812\" \/><div data-type=\"name-element\" data-name=\"names\" class=\" ff-field_container ff-name-field-wrapper\" ><div class='ff-t-container'><div class='ff-t-cell '><div class='ff-el-group'><div class=\"ff-el-input--label ff-el-is-required asterisk-right\"><label for='ff_14_names_first_name_' id='label_ff_14_names_first_name_' >Tu Nombre<\/label><\/div><div class='ff-el-input--content'><input type=\"text\" name=\"names[first_name]\" id=\"ff_14_names_first_name_\" class=\"ff-el-form-control\" aria-invalid=\"false\" aria-required=true><\/div><\/div><\/div><\/div><\/div><div class='ff-el-group'><div class=\"ff-el-input--label ff-el-is-required asterisk-right\"><label for='ff_14_email' id='label_ff_14_email' aria-label=\"Su Correo Electr\u00f3nico\">Su Correo Electr\u00f3nico<\/label><\/div><div class='ff-el-input--content'><input type=\"email\" name=\"email\" id=\"ff_14_email\" class=\"ff-el-form-control\" data-name=\"email\"  aria-invalid=\"false\" aria-required=true><\/div><\/div><div class='ff-el-group'><div class=\"ff-el-input--label ff-el-is-required asterisk-right\"><label for='ff_14_phone' id='label_ff_14_phone' aria-label=\"N\u00famero de Tel\u00e9fono\">N\u00famero de Tel\u00e9fono<\/label><\/div><div class='ff-el-input--content'><input name=\"phone\" class=\"ff-el-form-control ff-el-phone\" type=\"tel\" data-name=\"phone\" id=\"ff_14_phone\" inputmode=\"tel\"  aria-invalid='false' aria-required=true><\/div><\/div><div class='ff-el-group'><div class=\"ff-el-input--label ff-el-is-required asterisk-right\"><label for='ff_14_message' id='label_ff_14_message' aria-label=\"\u00bfEn qu\u00e9 podemos ayudarte?\">\u00bfEn qu\u00e9 podemos ayudarte?<\/label><\/div><div class='ff-el-input--content'><textarea aria-required=\"true\" aria-labelledby=\"label_ff_14_message\" name=\"message\" id=\"ff_14_message\" class=\"ff-el-form-control\" rows=\"6\" cols=\"2\" data-name=\"message\" ><\/textarea><\/div><\/div><div class='ff-el-group ff-text-left ff_submit_btn_wrapper'><button type=\"submit\" class=\"ff-btn ff-btn-submit ff-btn-md ff_btn_style wpf_has_custom_css\"  aria-label=\"Send Message\">Send Message<\/button><\/div><\/fieldset><\/form><div id='fluentform_14_errors' class='ff-errors-in-stack ff_form_instance_14_1 ff-form-loading_errors ff_form_instance_14_1_errors'><\/div><\/div>            <script type=\"text\/javascript\">\n                window.fluent_form_ff_form_instance_14_1 = {\"id\":\"14\",\"settings\":{\"layout\":{\"labelPlacement\":\"top\",\"helpMessagePlacement\":\"with_label\",\"errorMessagePlacement\":\"inline\",\"cssClassName\":\"\",\"asteriskPlacement\":\"asterisk-right\"},\"restrictions\":{\"denyEmptySubmission\":{\"enabled\":false}}},\"form_instance\":\"ff_form_instance_14_1\",\"form_id_selector\":\"fluentform_14\",\"rules\":{\"names[first_name]\":{\"required\":{\"value\":true,\"message\":\"This field is required\"}},\"names[middle_name]\":{\"required\":{\"value\":false,\"message\":\"This field is required\"}},\"names[last_name]\":{\"required\":{\"value\":false,\"message\":\"This field is required\"}},\"email\":{\"required\":{\"value\":true,\"message\":\"Este campo es obligatorio\"},\"email\":{\"value\":true,\"message\":\"Este campo debe contener un correo electr\\u00f3nico v\\u00e1lido.\"}},\"phone\":{\"required\":{\"value\":true,\"message\":\"This field is required\"},\"valid_phone_number\":{\"value\":false,\"message\":\"Phone number is not valid\"}},\"message\":{\"required\":{\"value\":true,\"message\":\"This field is required\"}},\"cf-turnstile-response\":[]},\"debounce_time\":300};\n                            <\/script>\n            <\/div>\n\t\t\t\t\t\t<\/div>\n\t\t\t\t<\/div>\n\t\t\t\t<\/div>\n\t\t<div class=\"elementor-element elementor-element-f86b312 e-con-full e-flex e-con e-child\" data-id=\"f86b312\" data-element_type=\"container\" data-e-type=\"container\" data-settings=\"{&quot;background_background&quot;:&quot;classic&quot;}\">\n\t\t\t\t<div class=\"elementor-element elementor-element-0a86481 elementor-widget elementor-widget-text-editor\" data-id=\"0a86481\" data-element_type=\"widget\" data-e-type=\"widget\" data-widget_type=\"text-editor.default\">\n\t\t\t\t<div class=\"elementor-widget-container\">\n\t\t\t\t\t\t\t\t\t<h6><strong>Envianos un SMS o Llamanos<\/strong><\/h6><p><strong>Toll Free:<\/strong> <a href=\"tel:(877) 312-9237\">(877) 312-9237<\/a><br \/><strong>Linea Principal:<\/strong> <a href=\"tel:(415) 915-3132\">(415) 915-3132<\/a><\/p>\t\t\t\t\t\t\t\t<\/div>\n\t\t\t\t<\/div>\n\t\t\t\t<div class=\"elementor-element elementor-element-71c4330 elementor-widget elementor-widget-text-editor\" data-id=\"71c4330\" data-element_type=\"widget\" data-e-type=\"widget\" data-widget_type=\"text-editor.default\">\n\t\t\t\t<div class=\"elementor-widget-container\">\n\t\t\t\t\t\t\t\t\t<h6>Env\u00edanos un correo electr\u00f3nico<\/h6><p><strong>Ventas:<\/strong><br \/><a href=\"mailto:sales@cyberglobalnet.com\">sales@cyberglobalnet.com<\/a><br \/><strong>Soporte:<\/strong><br \/><a href=\"mailto:support@cyberglobalnet.com\">support@cyberglobalnet.com<\/a><br \/><br \/><\/p><p>Para obtener una lista completa de correos electr\u00f3nicos, <a href=\"https:\/\/help.cyberglobalnet.com\/en\/support-questions\/email-departments-contacts\" target=\"_blank\" rel=\"noopener\">haga clic aqu\u00ed<\/a><\/p>\t\t\t\t\t\t\t\t<\/div>\n\t\t\t\t<\/div>\n\t\t\t\t<div class=\"elementor-element elementor-element-e695533 elementor-widget elementor-widget-text-editor\" data-id=\"e695533\" data-element_type=\"widget\" data-e-type=\"widget\" data-widget_type=\"text-editor.default\">\n\t\t\t\t<div class=\"elementor-widget-container\">\n\t\t\t\t\t\t\t\t\t<h6>Nuestras Oficinas<\/h6>\nPara pagos con cheque o comun\u00edquese con:\n<br>\n<a href=\"https:\/\/www.google.com\/maps\/place\/CyberGlobalNet\/@39.1323244,-76.6826145,15z\/data=!4m6!3m5!1s0x89b7e54ed88414a5:0x3939ddbede053516!8m2!3d39.1323244!4d-76.6826145!16s%2Fg%2F11qq79wr2z?entry=ttu\" target=\"_blank\" rel=\"noopener\">7849 Clark Station Rd. Severn, MD 21144<\/a>\t\t\t\t\t\t\t\t<\/div>\n\t\t\t\t<\/div>\n\t\t\t\t<div class=\"elementor-element elementor-element-81914c2 elementor-widget elementor-widget-text-editor\" data-id=\"81914c2\" data-element_type=\"widget\" data-e-type=\"widget\" data-widget_type=\"text-editor.default\">\n\t\t\t\t<div class=\"elementor-widget-container\">\n\t\t\t\t\t\t\t\t\t<h6>S\u00edguenos en <\/h6>\n<div class=\"contact-cgn-icons\"><ul class=\"cgn-icons\">\n<li>\n<a href=\"https:\/\/www.facebook.com\/cyberglobalnet.us\/\" target=\"_blank\" rel=\"noopener noreferrer\">\n<img decoding=\"async\" src=\"\/wp-content\/uploads\/2023\/09\/facebook-1.png\" alt=\"CyberGlobalNet Facebook\" width=\"25\">\n<\/a>\n<\/li>\n<li>\n<a href=\"https:\/\/www.youtube.com\/channel\/UCi36iBeYu-O1mQ1fgaoOwIQ\" target=\"_blank\" rel=\"noopener noreferrer\">\n<img decoding=\"async\" src=\"\/wp-content\/uploads\/2023\/09\/youtube-1.png\" alt=\"CyberGlobalNet YouTube\" width=\"25\">\n<\/a>\n<\/li>\n<li>\n<a href=\"https:\/\/twitter.com\/CyberGlobalNet\" target=\"_blank\" rel=\"noopener noreferrer\">\n<img decoding=\"async\" src=\"\/wp-content\/uploads\/2023\/09\/twitter-1.png\" alt=\"CyberGlobalNet Twitter\" width=\"25\">\n<\/a>\n<\/li>\n<li>\n<a href=\"https:\/\/www.yelp.com\/biz\/cyberglobalnet-inc-leonardtown-2\" target=\"_blank\" rel=\"noopener noreferrer\">\n<img decoding=\"async\" src=\"\/wp-content\/uploads\/2023\/09\/yelp.png\" alt=\"Yelp\" width=\"25\">\n<\/a>\n<\/li>\n<li>\n<a href=\"https:\/\/member.angieslist.com\/member\/login?redirect=https%3A%2F%2Fmember.angieslist.com%2Fmember%2Fstore%2F24259999%2Fabout%3Fquery%3Dcyberglobalnet%26ref%3Dhome--search-autocomplete\" target=\"_blank\" rel=\"noopener noreferrer\">\n<img decoding=\"async\" src=\"\/wp-content\/uploads\/2023\/09\/angieslist.png\" alt=\"CyberGlobalNet AngiesList\" width=\"25\">\n<\/a>\n<\/li>\n<\/ul>\n<ul class=\"cgn-icons\">\n<li>\n<a href=\"https:\/\/www.instagram.com\/cyberglobalnet_us\/\" target=\"_blank\" rel=\"noopener noreferrer\">\n<img decoding=\"async\" src=\"\/wp-content\/uploads\/2023\/09\/instagram-1.png\" alt=\"CyberGlobalNet Instagram\" width=\"25\">\n<\/a>\n<\/li>\n<li>\n<a href=\"https:\/\/www.linkedin.com\/company\/cyberglobalnet-llc\" target=\"_blank\" rel=\"noopener noreferrer\">\n<img decoding=\"async\" src=\"\/wp-content\/uploads\/2023\/09\/linkedin.png\" alt=\"CyberGlobalNet LinkedIn\" width=\"25\">\n<\/a>\n<\/li>\n<li>\n<a href=\"https:\/\/g.page\/cyberglobalnet-odenton\/review?rc\" target=\"_blank\" rel=\"noopener noreferrer\">\n<img decoding=\"async\" src=\"\/wp-content\/uploads\/2023\/09\/feedback.png\" alt=\"CyberGlobalNet  Google Reviews\" width=\"25\">\n<\/a>\n<\/li>\n<li>\n<a href=\"https:\/\/www.trustpilot.com\/evaluate\/cyberglobalnet.com\" target=\"_blank\" rel=\"noopener noreferrer\">\n<img decoding=\"async\" src=\"\/wp-content\/uploads\/2023\/09\/trustpilot.png\" alt=\"CyberGlobalNet Trustpilot\" width=\"25\">\n<\/a>\n<\/li>\n<\/ul><\/div>\t\t\t\t\t\t\t\t<\/div>\n\t\t\t\t<\/div>\n\t\t\t\t<\/div>\n\t\t\t\t\t<\/div>\n\t\t\t\t<\/div>\n\t\t\t\t<\/div>\n\t\t","protected":false},"excerpt":{"rendered":"<p>Estamos aqu\u00ed para ayudar P\u00f3ngase en contacto con nuestro equipo profesional para cualquier problema o pregunta. \u00a1Nuestros profesionales capacitados est\u00e1n aqu\u00ed para usted! Inicio Cont\u00e1ctenos Formulario de Contacto Env\u00edanos un Mensaje \u00bfTiene preguntas sobre alguno de nuestros productos? \u00a1Complete el formulario y nos comunicaremos con usted con respuestas! Envianos un SMS o Llamanos Toll Free:&#8230;<\/p>","protected":false},"author":2,"featured_media":0,"parent":0,"menu_order":0,"comment_status":"closed","ping_status":"closed","template":"template-builder.php","meta":{"inline_featured_image":false,"footnotes":""},"class_list":["post-11812","page","type-page","status-publish","hentry"],"_links":{"self":[{"href":"https:\/\/us.cyberglobalnet.com\/es\/wp-json\/wp\/v2\/pages\/11812","targetHints":{"allow":["GET"]}}],"collection":[{"href":"https:\/\/us.cyberglobalnet.com\/es\/wp-json\/wp\/v2\/pages"}],"about":[{"href":"https:\/\/us.cyberglobalnet.com\/es\/wp-json\/wp\/v2\/types\/page"}],"author":[{"embeddable":true,"href":"https:\/\/us.cyberglobalnet.com\/es\/wp-json\/wp\/v2\/users\/2"}],"replies":[{"embeddable":true,"href":"https:\/\/us.cyberglobalnet.com\/es\/wp-json\/wp\/v2\/comments?post=11812"}],"version-history":[{"count":4,"href":"https:\/\/us.cyberglobalnet.com\/es\/wp-json\/wp\/v2\/pages\/11812\/revisions"}],"predecessor-version":[{"id":18766,"href":"https:\/\/us.cyberglobalnet.com\/es\/wp-json\/wp\/v2\/pages\/11812\/revisions\/18766"}],"wp:attachment":[{"href":"https:\/\/us.cyberglobalnet.com\/es\/wp-json\/wp\/v2\/media?parent=11812"}],"curies":[{"name":"wp","href":"https:\/\/api.w.org\/{rel}","templated":true}]}}