{"id":10427,"date":"2023-09-11T18:33:46","date_gmt":"2023-09-11T18:33:46","guid":{"rendered":"http:\/\/us.cyberglobalnet.com\/?page_id=10427"},"modified":"2026-02-19T15:11:00","modified_gmt":"2026-02-19T20:11:00","slug":"pagos","status":"publish","type":"page","link":"https:\/\/us.cyberglobalnet.com\/es\/pagos\/","title":{"rendered":"Pagos"},"content":{"rendered":"\t\t<div data-elementor-type=\"wp-page\" data-elementor-id=\"10427\" class=\"elementor elementor-10427\" data-elementor-post-type=\"page\">\n\t\t\t\t<div class=\"elementor-element elementor-element-6e2ce32 e-flex e-con-boxed e-con e-parent\" data-id=\"6e2ce32\" data-element_type=\"container\" data-e-type=\"container\" data-settings=\"{&quot;background_background&quot;:&quot;classic&quot;}\">\n\t\t\t\t\t<div class=\"e-con-inner\">\n\t\t\t\t<div class=\"elementor-element elementor-element-6f4e9a0 elementor-widget elementor-widget-heading\" data-id=\"6f4e9a0\" data-element_type=\"widget\" data-e-type=\"widget\" data-widget_type=\"heading.default\">\n\t\t\t\t<div class=\"elementor-widget-container\">\n\t\t\t\t\t<h1 class=\"elementor-heading-title elementor-size-default\">Pagos R\u00e1pidos y F\u00e1ciles<\/h1>\t\t\t\t<\/div>\n\t\t\t\t<\/div>\n\t\t\t\t<div class=\"elementor-element elementor-element-2156604 elementor-icon-list--layout-inline elementor-list-item-link-full_width elementor-widget elementor-widget-icon-list\" data-id=\"2156604\" data-element_type=\"widget\" data-e-type=\"widget\" data-widget_type=\"icon-list.default\">\n\t\t\t\t<div class=\"elementor-widget-container\">\n\t\t\t\t\t\t\t<ul class=\"elementor-icon-list-items elementor-inline-items\">\n\t\t\t\t\t\t\t<li class=\"elementor-icon-list-item elementor-inline-item\">\n\t\t\t\t\t\t\t\t\t\t\t<a href=\"\/\">\n\n\t\t\t\t\t\t\t\t\t\t\t<span class=\"elementor-icon-list-text\">Inicio<\/span>\n\t\t\t\t\t\t\t\t\t\t\t<\/a>\n\t\t\t\t\t\t\t\t\t<\/li>\n\t\t\t\t\t\t\t\t<li class=\"elementor-icon-list-item elementor-inline-item\">\n\t\t\t\t\t\t\t\t\t\t\t<span class=\"elementor-icon-list-icon\">\n\t\t\t\t\t\t\t<i aria-hidden=\"true\" class=\"fas fa-arrow-alt-circle-right\"><\/i>\t\t\t\t\t\t<\/span>\n\t\t\t\t\t\t\t\t\t\t<span class=\"elementor-icon-list-text\">Pagos<\/span>\n\t\t\t\t\t\t\t\t\t<\/li>\n\t\t\t\t\t\t<\/ul>\n\t\t\t\t\t\t<\/div>\n\t\t\t\t<\/div>\n\t\t\t\t\t<\/div>\n\t\t\t\t<\/div>\n\t\t<div class=\"elementor-element elementor-element-cb0ece5 e-flex e-con-boxed e-con e-parent\" data-id=\"cb0ece5\" data-element_type=\"container\" data-e-type=\"container\">\n\t\t\t\t\t<div class=\"e-con-inner\">\n\t\t\t\t<div class=\"elementor-element elementor-element-0071188 elementor-widget elementor-widget-shortcode\" data-id=\"0071188\" data-element_type=\"widget\" data-e-type=\"widget\" data-widget_type=\"shortcode.default\">\n\t\t\t\t<div class=\"elementor-widget-container\">\n\t\t\t\t\t\t\t<div class=\"elementor-shortcode\"><div class='fluentform ff-default fluentform_wrapper_13 ffs_default_wrap'><form data-form_id=\"13\" id=\"fluentform_13\" class=\"frm-fluent-form fluent_form_13 ff-el-form-top ff_form_instance_13_1 ff-form-loading ff_has_stripe_inline fluentform_has_payment ffs_default\" data-form_instance=\"ff_form_instance_13_1\" method=\"POST\" ><fieldset  style=\"border: none!important;margin: 0!important;padding: 0!important;background-color: transparent!important;box-shadow: none!important;outline: none!important; min-inline-size: 100%;\">\n                    <legend class=\"ff_screen_reader_title\" style=\"display: block; margin: 0!important;padding: 0!important;height: 0!important;text-indent: -999999px;width: 0!important;overflow:hidden;\">[ES] Pagos<\/legend><input type='hidden' name='__fluent_form_embded_post_id' value='2967' \/><input type=\"hidden\" id=\"_fluentform_13_fluentformnonce\" name=\"_fluentform_13_fluentformnonce\" value=\"6452a96d0d\" \/><input type=\"hidden\" name=\"_wp_http_referer\" value=\"\/es\/wp-json\/wp\/v2\/pages\/10427\" \/><div data-name=\"ff_cn_id_1\"  class='ff-t-container ff-column-container ff_columns_total_2 '><div class='ff-t-cell ff-t-column-1' style='flex-basis: 26.59%;'><div class='ff-el-group'><div class=\"ff-el-input--label ff-el-is-required asterisk-right\"><label for='ff_13_custom_payment_amount' id='label_ff_13_custom_payment_amount' aria-label=\"Monto en USD\">Monto en USD<\/label><\/div><div class='ff-el-input--content'><input type=\"text\" name=\"custom_payment_amount\" value=\"\" id=\"ff_13_custom_payment_amount\" class=\"ff-el-form-control  ff_payment_item ff_numeric\" data-payment_item=\"yes\" data-name=\"custom_payment_amount\" inputmode=\"numeric\" step=\"any\" data-formatter=\"{&quot;decimal&quot;:&quot;.&quot;,&quot;separator&quot;:&quot;,&quot;,&quot;precision&quot;:2,&quot;symbol&quot;:&quot;&quot;}\"  aria-invalid=\"false\" aria-required=true><\/div><\/div><\/div><div class='ff-t-cell ff-t-column-2' style='flex-basis: 73.41%;'><div class='ff-el-group  ff-custom_html' tabindex='-1' data-name=\"custom_html-13_1\" ><h6 style=\"text-align: center\">Aceptamos todas las tarjetas de cr\u00e9dito.<\/h6>\n<p><img decoding=\"async\" class=\" wp-image-11789 aligncenter\" src=\"https:\/\/us.cyberglobalnet.com\/wp-content\/uploads\/2023\/09\/credit-card-logos-300x58.jpg\" alt=\"credit-card-logos\" width=\"207\" height=\"40\" srcset=\"https:\/\/us.cyberglobalnet.com\/wp-content\/uploads\/2023\/09\/credit-card-logos-300x58.jpg 300w, https:\/\/us.cyberglobalnet.com\/wp-content\/uploads\/2023\/09\/credit-card-logos-1024x197.jpg 1024w, https:\/\/us.cyberglobalnet.com\/wp-content\/uploads\/2023\/09\/credit-card-logos-768x148.jpg 768w, https:\/\/us.cyberglobalnet.com\/wp-content\/uploads\/2023\/09\/credit-card-logos-1536x296.jpg 1536w, https:\/\/us.cyberglobalnet.com\/wp-content\/uploads\/2023\/09\/credit-card-logos-18x3.jpg 18w, https:\/\/us.cyberglobalnet.com\/wp-content\/uploads\/2023\/09\/credit-card-logos.jpg 1992w\" sizes=\"(max-width: 207px) 100vw, 207px\" \/><\/p><\/div><\/div><\/div><div data-name=\"ff_cn_id_2\"  class='ff-t-container ff-column-container ff_columns_total_1 '><div class='ff-t-cell ff-t-column-1' style='flex-basis: 100%;'><div class='ff-el-group stripe-pay'><div class='ff-el-input--content'><input name=\"payment_method\" type=\"hidden\" value=\"stripe\" data-name=\"payment_method\" class=\"ff-el-form-check-input ff_payment_method ff_selected_payment_method\" ><div class=\"stripe-inline-wrapper ff_pay_inline ff_pay_inline_stripe\" style=\"display: block\"><div class=\"ff-el-input--label\"><label for=\"payment_method_13_1_stripe_inline\">Pagar con tarjeta de Cr\u00e9dito\/D\u00e9bito<\/label><\/div><div name=\"stripe_card_element\" class=\"ff_stripe_card_element ff-el-form-control\" data-wpf_payment_method=\"stripe\" id=\"payment_method_13_1_stripe_inline\" data-checkout_style=\"embedded_form\" ><\/div><div class=\"ff_card-errors text-danger\" role=\"alert\"><\/div><\/div><\/div><\/div><\/div><\/div><div data-name=\"ff_cn_id_3\"  class='ff-t-container ff-column-container ff_columns_total_2 '><div class='ff-t-cell ff-t-column-1' style='flex-basis: 59.84%;'><div data-type=\"name-element\" data-name=\"names\" class=\" ff-field_container ff-name-field-wrapper\" ><div class='ff-t-container'><div class='ff-t-cell '><div class='ff-el-group  ff-el-form-top'><div class=\"ff-el-input--label ff-el-is-required asterisk-right\"><label for='ff_13_names_first_name_' id='label_ff_13_names_first_name_' >Nombre<\/label><\/div><div class='ff-el-input--content'><input type=\"text\" name=\"names[first_name]\" id=\"ff_13_names_first_name_\" class=\"ff-el-form-control\" aria-invalid=\"false\" aria-required=true><\/div><\/div><\/div><div class='ff-t-cell '><div class='ff-el-group  ff-el-form-top'><div class=\"ff-el-input--label asterisk-right\"><label for='ff_13_names_last_name_' id='label_ff_13_names_last_name_' >Apellido<\/label><\/div><div class='ff-el-input--content'><input type=\"text\" name=\"names[last_name]\" id=\"ff_13_names_last_name_\" class=\"ff-el-form-control\" aria-invalid=\"false\" aria-required=false><\/div><\/div><\/div><\/div><\/div><\/div><div class='ff-t-cell ff-t-column-2' style='flex-basis: 40.16%;'><div class='ff-el-group'><div class=\"ff-el-input--label asterisk-right\"><label for='ff_13_phone' id='label_ff_13_phone' aria-label=\"N\u00famero de Tel\u00e9fono\">N\u00famero de Tel\u00e9fono<\/label><\/div><div class='ff-el-input--content'><input name=\"phone\" class=\"ff-el-form-control ff-el-phone\" type=\"tel\" data-name=\"phone\" id=\"ff_13_phone\" inputmode=\"tel\"  aria-invalid='false' aria-required=false><\/div><\/div><\/div><\/div><div data-name=\"ff_cn_id_4\"  class='ff-t-container ff-column-container ff_columns_total_1 '><div class='ff-t-cell ff-t-column-1' style='flex-basis: 100%;'><div class='ff-el-group'><div class=\"ff-el-input--label ff-el-is-required asterisk-right\"><label for='ff_13_email' id='label_ff_13_email' aria-label=\"Correo Electr\u00f3nico\">Correo Electr\u00f3nico<\/label><\/div><div class='ff-el-input--content'><input type=\"email\" name=\"email\" id=\"ff_13_email\" class=\"ff-el-form-control\" placeholder=\"La direcci\u00f3n de correo electr\u00f3nico registrado con nosotros. Esto nos ayudar\u00e1 a localizar su cuenta.\" data-name=\"email\"  aria-invalid=\"false\" aria-required=true><\/div><\/div><\/div><\/div><div data-name=\"ff_cn_id_5\"  class='ff-t-container ff-column-container ff_columns_total_1 '><div class='ff-t-cell ff-t-column-1' style='flex-basis: 100%;'><div class='ff-el-group'><div class=\"ff-el-input--label asterisk-right\"><label for='ff_13_description' id='label_ff_13_description' aria-label=\"Detalles Adicionales\">Detalles Adicionales<\/label><\/div><div class='ff-el-input--content'><textarea aria-required=\"false\" aria-labelledby=\"label_ff_13_description\" name=\"description\" id=\"ff_13_description\" class=\"ff-el-form-control\" placeholder=\"H\u00e1ganos saber para qu\u00e9 es el pago. Ejemplo: mi hosting, dominio, sitio web, etc.\" rows=\"6\" cols=\"2\" data-name=\"description\" ><\/textarea><\/div><\/div><\/div><\/div><div data-name=\"ff_cn_id_6\"  class='ff-t-container ff-column-container ff_columns_total_1 '><div class='ff-t-cell ff-t-column-1' style='flex-basis: 100%;'><div class='ff-el-group  ff-payment_summary_component' tabindex='-1' data-name=\"payment_summary_component-13_2\" ><div class=\"ff_dynamic_value ff_dynamic_payment_summary\" data-ref=\"payment_summary\"><div class=\"ff_payment_summary\"><\/div><div class=\"ff_payment_summary_fallback\"><\/div><\/div><\/div><\/div><\/div><div data-name=\"ff_cn_id_7\"  class='ff-t-container ff-column-container ff_columns_total_1 '><div class='ff-t-cell ff-t-column-1' style='flex-basis: 100%;'><div class='ff-el-group ff-text-left ff_submit_btn_wrapper ff_submit_btn_wrapper_custom'><button class=\"ff-btn ff-btn-submit ff-btn-md ff_btn_style wpf_has_custom_css\" type=\"submit\" name=\"custom_submit_button-13_3\" data-name=\"custom_submit_button-13_3\"  aria-label=\"Realizar el Pago\">Realizar el Pago<\/button><style>form.fluent_form_13 .wpf_has_custom_css.ff-btn-submit { background-color:#1a7efb;border-color:#1a7efb;color:#ffffff;min-width:100%; }form.fluent_form_13 .wpf_has_custom_css.ff-btn-submit:hover { background-color:#ffffff;border-color:#1a7efb;color:#1a7efb;min-width:100%; } <\/style><\/div><\/div><\/div><\/fieldset><\/form><div id='fluentform_13_errors' class='ff-errors-in-stack ff_form_instance_13_1 ff-form-loading_errors ff_form_instance_13_1_errors'><\/div><\/div>            <script type=\"text\/javascript\">\n                window.fluent_form_ff_form_instance_13_1 = {\"id\":\"13\",\"ajaxUrl\":\"https:\\\/\\\/us.cyberglobalnet.com\\\/wp-admin\\\/admin-ajax.php\",\"settings\":{\"layout\":{\"labelPlacement\":\"top\",\"helpMessagePlacement\":\"with_label\",\"errorMessagePlacement\":\"inline\",\"cssClassName\":\"\",\"asteriskPlacement\":\"asterisk-right\"},\"restrictions\":{\"denyEmptySubmission\":{\"enabled\":false}}},\"form_instance\":\"ff_form_instance_13_1\",\"form_id_selector\":\"fluentform_13\",\"rules\":{\"custom_payment_amount\":{\"required\":{\"value\":true,\"message\":\"This field is required\",\"global\":false,\"global_message\":\"This field is required\"},\"numeric\":{\"value\":true,\"message\":\"This field must contain numeric value\",\"global\":false,\"global_message\":\"This field must contain numeric value\"},\"min\":{\"value\":\"\",\"message\":\"Minimum value is \",\"global\":false,\"global_message\":\"Validation fails for minimum value\"},\"max\":{\"value\":\"\",\"message\":\"Maximum value is \",\"global\":false,\"global_message\":\"Validation fails for maximum value\"}},\"payment_method\":{\"required\":{\"value\":true,\"message\":\"This field is required\",\"global\":false,\"global_message\":\"This field is required\"}},\"names[first_name]\":{\"required\":{\"value\":true,\"message\":\"This field is required\",\"global\":false,\"global_message\":\"This field is required\"}},\"names[middle_name]\":{\"required\":{\"value\":false,\"message\":\"This field is required\",\"global\":false,\"global_message\":\"This field is required\"}},\"names[last_name]\":{\"required\":{\"value\":false,\"message\":\"This field is required\",\"global\":false,\"global_message\":\"This field is required\"}},\"phone\":{\"required\":{\"value\":false,\"message\":\"This field is required\",\"global\":false,\"global_message\":\"This field is required\"},\"valid_phone_number\":{\"value\":false,\"message\":\"Phone number is not valid\",\"global\":false,\"global_message\":\"Phone number is not valid\"}},\"email\":{\"required\":{\"value\":true,\"message\":\"This field is required\",\"global\":false,\"global_message\":\"This field is required\"},\"email\":{\"value\":true,\"message\":\"This field must contain a valid email\",\"global\":false,\"global_message\":\"This field must contain a valid email\"}},\"description\":{\"required\":{\"value\":false,\"message\":\"This field is required\",\"global\":false,\"global_message\":\"This field is required\"}},\"cf-turnstile-response\":[]},\"debounce_time\":300};\n                            <\/script>\n            <\/div>\n\t\t\t\t\t\t<\/div>\n\t\t\t\t<\/div>\n\t\t\t\t\t<\/div>\n\t\t\t\t<\/div>\n\t\t\t\t<\/div>\n\t\t","protected":false},"excerpt":{"rendered":"<p>Pagos R\u00e1pidos y F\u00e1ciles Inicio Pagos<\/p>","protected":false},"author":2,"featured_media":0,"parent":0,"menu_order":0,"comment_status":"closed","ping_status":"closed","template":"template-builder.php","meta":{"inline_featured_image":false,"footnotes":""},"class_list":["post-10427","page","type-page","status-publish","hentry"],"_links":{"self":[{"href":"https:\/\/us.cyberglobalnet.com\/es\/wp-json\/wp\/v2\/pages\/10427","targetHints":{"allow":["GET"]}}],"collection":[{"href":"https:\/\/us.cyberglobalnet.com\/es\/wp-json\/wp\/v2\/pages"}],"about":[{"href":"https:\/\/us.cyberglobalnet.com\/es\/wp-json\/wp\/v2\/types\/page"}],"author":[{"embeddable":true,"href":"https:\/\/us.cyberglobalnet.com\/es\/wp-json\/wp\/v2\/users\/2"}],"replies":[{"embeddable":true,"href":"https:\/\/us.cyberglobalnet.com\/es\/wp-json\/wp\/v2\/comments?post=10427"}],"version-history":[{"count":4,"href":"https:\/\/us.cyberglobalnet.com\/es\/wp-json\/wp\/v2\/pages\/10427\/revisions"}],"predecessor-version":[{"id":18790,"href":"https:\/\/us.cyberglobalnet.com\/es\/wp-json\/wp\/v2\/pages\/10427\/revisions\/18790"}],"wp:attachment":[{"href":"https:\/\/us.cyberglobalnet.com\/es\/wp-json\/wp\/v2\/media?parent=10427"}],"curies":[{"name":"wp","href":"https:\/\/api.w.org\/{rel}","templated":true}]}}