{"id":10351,"date":"2023-09-11T12:09:45","date_gmt":"2023-09-11T12:09:45","guid":{"rendered":"http:\/\/us.cyberglobalnet.com\/?page_id=10351"},"modified":"2026-02-19T17:02:02","modified_gmt":"2026-02-19T22:02:02","slug":"search-engine-optimization-es","status":"publish","type":"page","link":"https:\/\/us.cyberglobalnet.com\/es\/search-engine-optimization-es\/","title":{"rendered":"Search Engine Optimization SEO"},"content":{"rendered":"<div data-elementor-type=\"wp-page\" data-elementor-id=\"10351\" class=\"elementor elementor-10351\" data-elementor-post-type=\"page\">\n\t\t\t\t<div class=\"elementor-element elementor-element-0332638 e-flex e-con-boxed e-con e-parent\" data-id=\"0332638\" data-element_type=\"container\" data-e-type=\"container\" data-settings=\"{&quot;background_background&quot;:&quot;classic&quot;}\">\n\t\t\t\t\t<div class=\"e-con-inner\">\n\t\t\t\t<div class=\"elementor-element elementor-element-391be2d elementor-widget elementor-widget-heading\" data-id=\"391be2d\" data-element_type=\"widget\" data-e-type=\"widget\" data-widget_type=\"heading.default\">\n\t\t\t\t<div class=\"elementor-widget-container\">\n\t\t\t\t\t<h1 class=\"elementor-heading-title elementor-size-default\">Search Engine Optimization SEO<\/h1>\t\t\t\t<\/div>\n\t\t\t\t<\/div>\n\t\t\t\t<div class=\"elementor-element elementor-element-5779fad elementor-icon-list--layout-inline elementor-mobile-align-center elementor-list-item-link-full_width elementor-widget elementor-widget-icon-list\" data-id=\"5779fad\" data-element_type=\"widget\" data-e-type=\"widget\" data-widget_type=\"icon-list.default\">\n\t\t\t\t<div class=\"elementor-widget-container\">\n\t\t\t\t\t\t\t<ul class=\"elementor-icon-list-items elementor-inline-items\">\n\t\t\t\t\t\t\t<li class=\"elementor-icon-list-item elementor-inline-item\">\n\t\t\t\t\t\t\t\t\t\t\t<a href=\"\/\">\n\n\t\t\t\t\t\t\t\t\t\t\t<span class=\"elementor-icon-list-text\">Inicio<\/span>\n\t\t\t\t\t\t\t\t\t\t\t<\/a>\n\t\t\t\t\t\t\t\t\t<\/li>\n\t\t\t\t\t\t\t\t<li class=\"elementor-icon-list-item elementor-inline-item\">\n\t\t\t\t\t\t\t\t\t\t\t<span class=\"elementor-icon-list-icon\">\n\t\t\t\t\t\t\t<i aria-hidden=\"true\" class=\"fas fa-arrow-alt-circle-right\"><\/i>\t\t\t\t\t\t<\/span>\n\t\t\t\t\t\t\t\t\t\t<span class=\"elementor-icon-list-text\">Marketing Digital<\/span>\n\t\t\t\t\t\t\t\t\t<\/li>\n\t\t\t\t\t\t\t\t<li class=\"elementor-icon-list-item elementor-inline-item\">\n\t\t\t\t\t\t\t\t\t\t\t<span class=\"elementor-icon-list-icon\">\n\t\t\t\t\t\t\t<i aria-hidden=\"true\" class=\"fas fa-arrow-alt-circle-right\"><\/i>\t\t\t\t\t\t<\/span>\n\t\t\t\t\t\t\t\t\t\t<span class=\"elementor-icon-list-text\">Search Engine Optimization<\/span>\n\t\t\t\t\t\t\t\t\t<\/li>\n\t\t\t\t\t\t<\/ul>\n\t\t\t\t\t\t<\/div>\n\t\t\t\t<\/div>\n\t\t\t\t\t<\/div>\n\t\t\t\t<\/div>\n\t\t\t\t<section class=\"elementor-section elementor-top-section elementor-element elementor-element-5ccc555 elementor-section-full_width elementor-section-height-default elementor-section-height-default\" data-id=\"5ccc555\" data-element_type=\"section\" data-e-type=\"section\">\n\t\t\t\t\t\t<div class=\"elementor-container elementor-column-gap-no\">\n\t\t\t\t\t<div class=\"elementor-column elementor-col-100 elementor-top-column elementor-element elementor-element-b0f268a\" data-id=\"b0f268a\" data-element_type=\"column\" data-e-type=\"column\">\n\t\t\t<div class=\"elementor-widget-wrap elementor-element-populated\">\n\t\t\t\t\t\t<section class=\"elementor-section elementor-inner-section elementor-element elementor-element-70f6393 elementor-reverse-tablet elementor-reverse-mobile elementor-section-boxed elementor-section-height-default elementor-section-height-default\" data-id=\"70f6393\" data-element_type=\"section\" data-e-type=\"section\">\n\t\t\t\t\t\t<div class=\"elementor-container elementor-column-gap-no\">\n\t\t\t\t\t<div class=\"elementor-column elementor-col-50 elementor-inner-column elementor-element elementor-element-f1e7246 animated-slow elementor-invisible\" data-id=\"f1e7246\" data-element_type=\"column\" data-e-type=\"column\" data-settings=\"{&quot;animation&quot;:&quot;fadeInLeft&quot;}\">\n\t\t\t<div class=\"elementor-widget-wrap elementor-element-populated\">\n\t\t\t\t\t\t<div class=\"elementor-element elementor-element-6dcd65d elementor-widget elementor-widget-techbizsectiontitle\" data-id=\"6dcd65d\" data-element_type=\"widget\" data-e-type=\"widget\" data-widget_type=\"techbizsectiontitle.default\">\n\t\t\t\t<div class=\"elementor-widget-container\">\n\t\t\t\t\t<!-- Section Title --><div class=\"title-area\" ><h2 class=\"sec-subtitle subtitle-selector\">Marketing Digital<\/h2><h3 class=\"sec-title3 title-selector h1\">Search Engine Optimization - SEO<\/h3><\/div><!-- End Section Title -->\t\t\t\t<\/div>\n\t\t\t\t<\/div>\n\t\t<div class=\"elementor-element elementor-element-732ce3d e-flex e-con-boxed e-con e-parent\" data-id=\"732ce3d\" data-element_type=\"container\" data-e-type=\"container\">\n\t\t\t\t\t<div class=\"e-con-inner\">\n\t\t\t\t<div class=\"elementor-element elementor-element-cf079ba elementor-icon-list--layout-traditional elementor-list-item-link-full_width elementor-widget elementor-widget-icon-list\" data-id=\"cf079ba\" data-element_type=\"widget\" data-e-type=\"widget\" data-widget_type=\"icon-list.default\">\n\t\t\t\t<div class=\"elementor-widget-container\">\n\t\t\t\t\t\t\t<ul class=\"elementor-icon-list-items\">\n\t\t\t\t\t\t\t<li class=\"elementor-icon-list-item\">\n\t\t\t\t\t\t\t\t\t\t\t<span class=\"elementor-icon-list-icon\">\n\t\t\t\t\t\t\t<i aria-hidden=\"true\" class=\"fas fa-check-circle\"><\/i>\t\t\t\t\t\t<\/span>\n\t\t\t\t\t\t\t\t\t\t<span class=\"elementor-icon-list-text\">SEO (Optimizaci\u00f3n de Motores de B\u00fasqueda) es un m\u00e9todo poderoso para que los clientes potenciales vean su sitio web en las primeras p\u00e1ginas y lugares dentro de los principales motores de b\u00fasqueda realizando las mejores pr\u00e1cticas actuales.<\/span>\n\t\t\t\t\t\t\t\t\t<\/li>\n\t\t\t\t\t\t\t\t<li class=\"elementor-icon-list-item\">\n\t\t\t\t\t\t\t\t\t\t\t<span class=\"elementor-icon-list-icon\">\n\t\t\t\t\t\t\t<i aria-hidden=\"true\" class=\"fas fa-check-circle\"><\/i>\t\t\t\t\t\t<\/span>\n\t\t\t\t\t\t\t\t\t\t<span class=\"elementor-icon-list-text\">El SEO requiere tiempo para clasificar org\u00e1nicamente el contenido en los motores de b\u00fasqueda. Nadie puede garantizar la posici\u00f3n #1 en los buscadores, sin embargo, estar entre los primeros resultados org\u00e1nicos y en el mapa de la p\u00e1gina #1 del buscador, con frases que se han configurado en la optimizaci\u00f3n, es factible para cualquier sitio web con Gesti\u00f3n SEO profesional y generar\u00e1 tr\u00e1fico org\u00e1nico y clientes potenciales a su sitio.<\/span>\n\t\t\t\t\t\t\t\t\t<\/li>\n\t\t\t\t\t\t<\/ul>\n\t\t\t\t\t\t<\/div>\n\t\t\t\t<\/div>\n\t\t\t\t\t<\/div>\n\t\t\t\t<\/div>\n\t\t\t\t\t<\/div>\n\t\t<\/div>\n\t\t\t\t<div class=\"elementor-column elementor-col-50 elementor-inner-column elementor-element elementor-element-08803d6 animated-slow elementor-invisible\" data-id=\"08803d6\" data-element_type=\"column\" data-e-type=\"column\" data-settings=\"{&quot;animation&quot;:&quot;fadeInRight&quot;}\">\n\t\t\t<div class=\"elementor-widget-wrap elementor-element-populated\">\n\t\t\t\t\t\t<div class=\"elementor-element elementor-element-02f4498 elementor-widget elementor-widget-image\" data-id=\"02f4498\" data-element_type=\"widget\" data-e-type=\"widget\" data-widget_type=\"image.default\">\n\t\t\t\t<div class=\"elementor-widget-container\">\n\t\t\t\t\t\t\t\t\t\t\t\t\t\t\t<img decoding=\"async\" src=\"https:\/\/us.cyberglobalnet.com\/wp-content\/uploads\/2023\/11\/business-equipment-accessories-putting-on-the-mode-2026-01-06-09-40-21-utc-scaled.webp\" title=\"\" alt=\"\" loading=\"lazy\" \/>\t\t\t\t\t\t\t\t\t\t\t\t\t\t\t<\/div>\n\t\t\t\t<\/div>\n\t\t\t\t\t<\/div>\n\t\t<\/div>\n\t\t\t\t\t<\/div>\n\t\t<\/section>\n\t\t\t\t\t<\/div>\n\t\t<\/div>\n\t\t\t\t\t<\/div>\n\t\t<\/section>\n\t\t\t\t<section class=\"elementor-section elementor-top-section elementor-element elementor-element-a289b53 elementor-section-full_width elementor-section-height-default elementor-section-height-default\" data-id=\"a289b53\" data-element_type=\"section\" data-e-type=\"section\">\n\t\t\t\t\t\t\t<div class=\"elementor-background-overlay\"><\/div>\n\t\t\t\t\t\t\t<div class=\"elementor-container elementor-column-gap-no\">\n\t\t\t\t\t<div class=\"elementor-column elementor-col-100 elementor-top-column elementor-element elementor-element-b4ad058\" data-id=\"b4ad058\" data-element_type=\"column\" data-e-type=\"column\">\n\t\t\t<div class=\"elementor-widget-wrap elementor-element-populated\">\n\t\t\t\t\t\t<section class=\"elementor-section elementor-inner-section elementor-element elementor-element-e360ade elementor-section-boxed elementor-section-height-default elementor-section-height-default\" data-id=\"e360ade\" data-element_type=\"section\" data-e-type=\"section\">\n\t\t\t\t\t\t<div class=\"elementor-container elementor-column-gap-no\">\n\t\t\t\t\t<div class=\"elementor-column elementor-col-50 elementor-inner-column elementor-element elementor-element-316316c\" data-id=\"316316c\" data-element_type=\"column\" data-e-type=\"column\">\n\t\t\t<div class=\"elementor-widget-wrap elementor-element-populated\">\n\t\t\t\t\t\t<div class=\"elementor-element elementor-element-6a3cb97 elementor-widget elementor-widget-bizinopricingplan\" data-id=\"6a3cb97\" data-element_type=\"widget\" data-e-type=\"widget\" data-widget_type=\"bizinopricingplan.default\">\n\t\t\t\t<div class=\"elementor-widget-container\">\n\t\t\t\t\t<div class=\"package-style3\"><div class=\"package-head\"><div class=\"package-icon\"><img decoding=\"async\" src=\"https:\/\/us.cyberglobalnet.com\/wp-content\/uploads\/2023\/11\/wired-flat-478-computer-display-hover-angle-1.png\" alt=\"wired-flat-478-computer-display-hover-angle (1)\"  \/><\/div><h3 class=\"package-title\">Plan SEO mensual<\/h3><\/div><p class=\"package-text\">PAGO MENSUAL (M\u00ednimo 12 meses)<\/p><p class=\"package-price\"><span class=\"amount\">$99<\/span>\n<\/p><a href=\"https:\/\/manage.cyberglobalnet.com\/order\/config\/index\/seo\/?group_id=107&#038;pricing_id=1049\" class=\"vs-btn\">Comprar<\/a><p class=\"package-subtitle\">Incluye:<\/p><div class=\"package-features\"><ul class=\"list-unstyled\"><li><i class=\"far fa-check\"><\/i><br \/><div class=\"keenpt_feature keenpt_feature_0-0\"><div>An\u00e1lisis y revisi\u00f3n de las p\u00e1ginas del sitio (hasta 10 p\u00e1ginas).<\/div><\/div><\/li><li><i class=\"far fa-check\"><\/i>Estructuraci\u00f3n de URL amigables.<\/li><li><i class=\"far fa-check\"><\/i>Optimizaci\u00f3n de las palabras clave m\u00e1s relevantes seg\u00fan las tendencias del mercado.<\/li><li><i class=\"far fa-check\"><\/i>Revisi\u00f3n del contenido (generaci\u00f3n de nuevo contenido si es necesario).<\/li><li><i class=\"far fa-check\"><\/i>Revisi\u00f3n y adaptaci\u00f3n de los servicios o productos que la empresa desee promocionar a trav\u00e9s del sitio web.<\/li><li><i class=\"far fa-check\"><\/i>An\u00e1lisis de los \u201cbacklinks\u201d del sitio web.<\/li><li><i class=\"far fa-check\"><\/i>An\u00e1lisis comparativo de la competencia.<\/li><li><i class=\"far fa-check\"><\/i>Optimizaci\u00f3n SEO en aspectos t\u00e9cnicos.<\/li><li><i class=\"far fa-check\"><\/i>Optimizaci\u00f3n SEO en usabilidad.<\/li><\/ul><\/div><\/div>\t\t\t\t<\/div>\n\t\t\t\t<\/div>\n\t\t\t\t\t<\/div>\n\t\t<\/div>\n\t\t\t\t<div class=\"elementor-column elementor-col-50 elementor-inner-column elementor-element elementor-element-d515a91\" data-id=\"d515a91\" data-element_type=\"column\" data-e-type=\"column\">\n\t\t\t<div class=\"elementor-widget-wrap elementor-element-populated\">\n\t\t\t\t\t\t<div class=\"elementor-element elementor-element-4e1449e elementor-widget elementor-widget-bizinopricingplan\" data-id=\"4e1449e\" data-element_type=\"widget\" data-e-type=\"widget\" data-widget_type=\"bizinopricingplan.default\">\n\t\t\t\t<div class=\"elementor-widget-container\">\n\t\t\t\t\t<div class=\"package-style3\"><div class=\"package-head\"><div class=\"package-icon\"><img decoding=\"async\" src=\"https:\/\/us.cyberglobalnet.com\/wp-content\/uploads\/2023\/11\/wired-flat-967-questionnaire-hover-pinch-1.png\" alt=\"Estimates Form\"  \/><\/div><h3 class=\"package-title\">Plan SEO Intensivo<\/h3><\/div><p class=\"package-text\">Servicio Trimestral<\/p><p class=\"package-price\"><span class=\"amount\">$595<\/span>\n<\/p><a href=\"https:\/\/manage.cyberglobalnet.com\/order\/config\/index\/seo\/?group_id=107&#038;pricing_id=1102\" class=\"vs-btn\">Comprar<\/a><p class=\"package-subtitle\">Incluye:<\/p><div class=\"package-features\"><ul class=\"list-unstyled\"><li><i class=\"far fa-check\"><\/i>An\u00e1lisis y revisi\u00f3n de las p\u00e1ginas del sitio (hasta 10 p\u00e1ginas) durante 3 meses<\/li><li><i class=\"far fa-check\"><\/i>Estructuraci\u00f3n de URL amigables.<\/li><li><i class=\"far fa-check\"><\/i>Optimizaci\u00f3n de las palabras clave m\u00e1s relevantes seg\u00fan las tendencias del mercado. (mensual)<\/li><li><i class=\"far fa-check\"><\/i><div class=\"keenpt_feature keenpt_feature_1-3\">Generaci\u00f3n de contenido para el sitio web.<\/div><\/li><li><i class=\"far fa-check\"><\/i>Revisi\u00f3n y adaptaci\u00f3n peri\u00f3dica de la informaci\u00f3n de la empresa en el sitio web.<\/li><li><i class=\"far fa-check\"><\/i>An\u00e1lisis de backlinks de sitios web (mensual).<\/li><li><i class=\"far fa-check\"><\/i><div>An\u00e1lisis comparativo de la competencia.<\/div><\/li><li><i class=\"far fa-check\"><\/i>Optimizaci\u00f3n SEO en aspectos t\u00e9cnicos.<\/li><li><i class=\"far fa-check\"><\/i>Optimizaci\u00f3n SEO en usabilidad.<\/li><li><i class=\"far fa-check\"><\/i>Informe digital al cliente.<\/li><\/ul><\/div><\/div>\t\t\t\t<\/div>\n\t\t\t\t<\/div>\n\t\t\t\t\t<\/div>\n\t\t<\/div>\n\t\t\t\t\t<\/div>\n\t\t<\/section>\n\t\t\t\t\t<\/div>\n\t\t<\/div>\n\t\t\t\t\t<\/div>\n\t\t<\/section>\n\t\t\t\t<\/div>","protected":false},"excerpt":{"rendered":"<p>Search Engine Optimization SEO Inicio Marketing Digital Search Engine Optimization Marketing Digital Search Engine Optimization &#8211; SEO SEO (Optimizaci\u00f3n de Motores de B\u00fasqueda) es un m\u00e9todo poderoso para que los clientes potenciales vean su sitio web en las primeras p\u00e1ginas y lugares dentro de los principales motores de b\u00fasqueda realizando las mejores pr\u00e1cticas actuales. El&#8230;<\/p>","protected":false},"author":2,"featured_media":0,"parent":0,"menu_order":0,"comment_status":"closed","ping_status":"closed","template":"template-builder.php","meta":{"inline_featured_image":false,"footnotes":""},"class_list":["post-10351","page","type-page","status-publish","hentry"],"_links":{"self":[{"href":"https:\/\/us.cyberglobalnet.com\/es\/wp-json\/wp\/v2\/pages\/10351","targetHints":{"allow":["GET"]}}],"collection":[{"href":"https:\/\/us.cyberglobalnet.com\/es\/wp-json\/wp\/v2\/pages"}],"about":[{"href":"https:\/\/us.cyberglobalnet.com\/es\/wp-json\/wp\/v2\/types\/page"}],"author":[{"embeddable":true,"href":"https:\/\/us.cyberglobalnet.com\/es\/wp-json\/wp\/v2\/users\/2"}],"replies":[{"embeddable":true,"href":"https:\/\/us.cyberglobalnet.com\/es\/wp-json\/wp\/v2\/comments?post=10351"}],"version-history":[{"count":16,"href":"https:\/\/us.cyberglobalnet.com\/es\/wp-json\/wp\/v2\/pages\/10351\/revisions"}],"predecessor-version":[{"id":18871,"href":"https:\/\/us.cyberglobalnet.com\/es\/wp-json\/wp\/v2\/pages\/10351\/revisions\/18871"}],"wp:attachment":[{"href":"https:\/\/us.cyberglobalnet.com\/es\/wp-json\/wp\/v2\/media?parent=10351"}],"curies":[{"name":"wp","href":"https:\/\/api.w.org\/{rel}","templated":true}]}}